{"id":1597,"date":"2023-11-01T10:39:29","date_gmt":"2023-11-01T10:39:29","guid":{"rendered":"https:\/\/quarnerotours.com\/warum-mieten\/"},"modified":"2024-03-18T09:44:27","modified_gmt":"2024-03-18T09:44:27","slug":"warum-mieten","status":"publish","type":"page","link":"https:\/\/quarnerotours.com\/de\/warum-mieten\/","title":{"rendered":"Warum mieten"},"content":{"rendered":"<!--themify_builder_content-->\n<div id=\"themify_builder_content-1597\" data-postid=\"1597\" class=\"themify_builder_content themify_builder_content-1597 themify_builder tf_clear\">\n                    <div  data-css_id=\"tnug972\" data-lazy=\"1\" class=\"module_row themify_builder_row fullwidth_row_container tb_tnug972 tb_first tf_w\">\n                        <div class=\"row_inner col_align_top tb_col_count_1 tf_box tf_rel\">\n                        <div  data-lazy=\"1\" class=\"module_column tb-column col-full tb_362c972 first\">\n                    <!-- module text -->\n<div  class=\"module module-text tb_emts972   \" data-lazy=\"1\">\n        <div  class=\"tb_text_wrap\">\n        <h1 style=\"text-align: center;\"><strong>WARUM EIN BOOT MIETEN?<\/strong><\/h1>    <\/div>\n<\/div>\n<!-- \/module text -->        <\/div>\n                        <\/div>\n        <\/div>\n                        <div  data-lazy=\"1\" class=\"module_row themify_builder_row tb_n1wi972 tf_w\">\n                        <div class=\"row_inner col_align_top tb_col_count_1 tf_box tf_rel\">\n                        <div  data-lazy=\"1\" class=\"module_column tb-column col-full tb_8wx8972 first\">\n                    <div  id=\"tb_9pgn972\" class=\"module module-mosaic tb_9pgn972 tf_clearfix  pagination-disabled\" data-lazy=\"1\">\n\t\n\n\t\n\t\t\t<div id=\"tbm_tb_9pgn972\" class=\"tpgs-wrap grid-stack tf_rel\" data-cell-height=\"150\" data-min-width=\"600\">\n\t\n\t\t<div data-gs-x=\"0\" data-gs-y=\"0\" data-gs-width=\"7\" data-gs-height=\"4\" data-hover=\"zoe\" class=\"builder_mosaic_item tf_hidden tf_box \" data-effect=\"fadeIn\">\n\t\t\t<figure class=\"mosaic-container tbm_eff_zoe tf_rel tf_box tf_w tf_h tf_overflow tf_textc\">\n\t\t\t\t<img loading=\"lazy\" decoding=\"async\" src=\"https:\/\/quarnerotours.com\/wp-content\/uploads\/2023\/12\/rsw_800cg_truem-759x1024-1050x600.webp\" width=\"1050\" height=\"600\" class=\"wp-post-image wp-image-1326\" title=\"rs=w_800,cg_true,m\" alt=\"rs=w_800,cg_true,m\">\t\t\t\t<figcaption class=\"tf_abs tf_w tf_h tf_box\">\n\t\t\t\t\t<div class=\"tbm_caption_wrapper tf_box\">\n\t\t\t\t\t\t\n\t\t\t\t\t\t\t\t\t\t\t\t\t\t\t\t\t<\/div>\n\t\t\t\t\t\t\t\t\t\t\t<a href=\"https:\/\/quarnerotours.com\/wp-content\/uploads\/2023\/12\/rsw_800cg_truem.webp\" title=\"rs=w_800,cg_true,m\"\n\t\t\t\t\t\t\t\t\t\t\t\t\t\t\tclass=\"themify_lightbox\" \n\t\t\t\t\t\t\t\tdata-rel=\"tb_9pgn972\"\n\t\t\t\t\t\t\t\t\t\t\t\t\t\t\t\t\t\t\t\t\t><span class=\"screen-reader-text\">Link<\/span><\/a>\n\t\t\t\t\t\t\t\t\t<\/figcaption>\n\n\t\t\t\t\t\t\t<\/figure>\n\t\t<\/div><!-- .post -->\n\t\t\n\t\t<div data-gs-x=\"7\" data-gs-y=\"0\" data-gs-width=\"5\" data-gs-height=\"2\" data-hover=\"zoe\" class=\"builder_mosaic_item tf_hidden tf_box \" data-effect=\"fadeIn\">\n\t\t\t<figure class=\"mosaic-container tbm_eff_zoe tf_rel tf_box tf_w tf_h tf_overflow tf_textc\">\n\t\t\t\t<img loading=\"lazy\" decoding=\"async\" src=\"https:\/\/quarnerotours.com\/wp-content\/uploads\/2023\/12\/rsw_1280h_788-1024x630-750x300.webp\" width=\"750\" height=\"300\" class=\"wp-post-image wp-image-1328\" title=\"rs=w_1280,h_788\" alt=\"rs=w_1280,h_788\">\t\t\t\t<figcaption class=\"tf_abs tf_w tf_h tf_box\">\n\t\t\t\t\t<div class=\"tbm_caption_wrapper tf_box\">\n\t\t\t\t\t\t\n\t\t\t\t\t\t\t\t\t\t\t\t\t\t\t\t\t<\/div>\n\t\t\t\t\t\t\t\t\t\t\t<a href=\"https:\/\/quarnerotours.com\/wp-content\/uploads\/2023\/12\/rsw_1280h_788.webp\" title=\"rs=w_1280,h_788\"\n\t\t\t\t\t\t\t\t\t\t\t\t\t\t\tclass=\"themify_lightbox\" \n\t\t\t\t\t\t\t\tdata-rel=\"tb_9pgn972\"\n\t\t\t\t\t\t\t\t\t\t\t\t\t\t\t\t\t\t\t\t\t><span class=\"screen-reader-text\">Link<\/span><\/a>\n\t\t\t\t\t\t\t\t\t<\/figcaption>\n\n\t\t\t\t\t\t\t<\/figure>\n\t\t<\/div><!-- .post -->\n\t\t\n\t\t<div data-gs-x=\"7\" data-gs-y=\"2\" data-gs-width=\"5\" data-gs-height=\"2\" data-hover=\"zoe\" class=\"builder_mosaic_item tf_hidden tf_box \" data-effect=\"fadeIn\">\n\t\t\t<figure class=\"mosaic-container tbm_eff_zoe tf_rel tf_box tf_w tf_h tf_overflow tf_textc\">\n\t\t\t\t<img loading=\"lazy\" decoding=\"async\" src=\"https:\/\/quarnerotours.com\/wp-content\/uploads\/2023\/12\/rsw_1280h_1707-768x1024-750x300.webp\" width=\"750\" height=\"300\" class=\"wp-post-image wp-image-1330\" title=\"rs=w_1280,h_1707\" alt=\"rs=w_1280,h_1707\">\t\t\t\t<figcaption class=\"tf_abs tf_w tf_h tf_box\">\n\t\t\t\t\t<div class=\"tbm_caption_wrapper tf_box\">\n\t\t\t\t\t\t\n\t\t\t\t\t\t\t\t\t\t\t\t\t\t\t\t\t<\/div>\n\t\t\t\t\t\t\t\t\t\t\t<a href=\"https:\/\/quarnerotours.com\/wp-content\/uploads\/2023\/12\/rsw_1280h_1707.webp\" title=\"rs=w_1280,h_1707\"\n\t\t\t\t\t\t\t\t\t\t\t\t\t\t\tclass=\"themify_lightbox\" \n\t\t\t\t\t\t\t\tdata-rel=\"tb_9pgn972\"\n\t\t\t\t\t\t\t\t\t\t\t\t\t\t\t\t\t\t\t\t\t><span class=\"screen-reader-text\">Link<\/span><\/a>\n\t\t\t\t\t\t\t\t\t<\/figcaption>\n\n\t\t\t\t\t\t\t<\/figure>\n\t\t<\/div><!-- .post -->\n\t\t\n\t\t<div data-gs-x=\"0\" data-gs-y=\"4\" data-gs-width=\"5\" data-gs-height=\"2\" data-hover=\"zoe\" class=\"builder_mosaic_item tf_hidden tf_box \" data-effect=\"fadeIn\">\n\t\t\t<figure class=\"mosaic-container tbm_eff_zoe tf_rel tf_box tf_w tf_h tf_overflow tf_textc\">\n\t\t\t\t<img loading=\"lazy\" decoding=\"async\" src=\"https:\/\/quarnerotours.com\/wp-content\/uploads\/2023\/12\/rsw_1280h_1920-683x1024-750x300.webp\" width=\"750\" height=\"300\" class=\"wp-post-image wp-image-1332\" title=\"rs=w_1280,h_1920\" alt=\"rs=w_1280,h_1920\">\t\t\t\t<figcaption class=\"tf_abs tf_w tf_h tf_box\">\n\t\t\t\t\t<div class=\"tbm_caption_wrapper tf_box\">\n\t\t\t\t\t\t\n\t\t\t\t\t\t\t\t\t\t\t\t\t\t\t\t\t<\/div>\n\t\t\t\t\t\t\t\t\t\t\t<a href=\"https:\/\/quarnerotours.com\/wp-content\/uploads\/2023\/12\/rsw_1280h_1920.webp\" title=\"rs=w_1280,h_1920\"\n\t\t\t\t\t\t\t\t\t\t\t\t\t\t\tclass=\"themify_lightbox\" \n\t\t\t\t\t\t\t\tdata-rel=\"tb_9pgn972\"\n\t\t\t\t\t\t\t\t\t\t\t\t\t\t\t\t\t\t\t\t\t><span class=\"screen-reader-text\">Link<\/span><\/a>\n\t\t\t\t\t\t\t\t\t<\/figcaption>\n\n\t\t\t\t\t\t\t<\/figure>\n\t\t<\/div><!-- .post -->\n\t\t\n\t\t<div data-gs-x=\"5\" data-gs-y=\"4\" data-gs-width=\"7\" data-gs-height=\"2\" data-hover=\"zoe\" class=\"builder_mosaic_item tf_hidden tf_box \" data-effect=\"fadeIn\">\n\t\t\t<figure class=\"mosaic-container tbm_eff_zoe tf_rel tf_box tf_w tf_h tf_overflow tf_textc\">\n\t\t\t\t<img loading=\"lazy\" decoding=\"async\" src=\"https:\/\/quarnerotours.com\/wp-content\/uploads\/2023\/12\/rsw_1280h_1726-759x1024-1050x300.webp\" width=\"1050\" height=\"300\" class=\"wp-post-image wp-image-1334\" title=\"rs=w_1280,h_1726\" alt=\"rs=w_1280,h_1726\">\t\t\t\t<figcaption class=\"tf_abs tf_w tf_h tf_box\">\n\t\t\t\t\t<div class=\"tbm_caption_wrapper tf_box\">\n\t\t\t\t\t\t\n\t\t\t\t\t\t\t\t\t\t\t\t\t\t\t\t\t<\/div>\n\t\t\t\t\t\t\t\t\t\t\t<a href=\"https:\/\/quarnerotours.com\/wp-content\/uploads\/2023\/12\/rsw_1280h_1726.webp\" title=\"rs=w_1280,h_1726\"\n\t\t\t\t\t\t\t\t\t\t\t\t\t\t\tclass=\"themify_lightbox\" \n\t\t\t\t\t\t\t\tdata-rel=\"tb_9pgn972\"\n\t\t\t\t\t\t\t\t\t\t\t\t\t\t\t\t\t\t\t\t\t><span class=\"screen-reader-text\">Link<\/span><\/a>\n\t\t\t\t\t\t\t\t\t<\/figcaption>\n\n\t\t\t\t\t\t\t<\/figure>\n\t\t<\/div><!-- .post -->\n\t\t<\/div><!-- .tpgs-wrap -->\n\t\t\t\n\t\t\n\t\t\t\t\t<style>\n\t\t\t\t@media(min-width:601px) {\n\t\t\t\t\t#tb_9pgn972 .builder_mosaic_item{\n\t\t\t\t\t\tpadding:5px\n\t\t\t\t\t}\n\t\t\t\t\t#tb_9pgn972 .grid-stack{\n\t\t\t\t\t\twidth:calc(100% + 10px);\n\t\t\t\t\t\tmargin-left:-5px\n\t\t\t\t\t}\n\t\t\t\t}\n\t\t\t<\/style>\n\t\t\n\t\n\t\n<\/div><!-- .module-mosaic -->\n        <\/div>\n                        <\/div>\n        <\/div>\n                        <div  data-css_id=\"ifxv36\" data-lazy=\"1\" class=\"module_row themify_builder_row fullwidth_row_container tb_ifxv36 tf_w\">\n                        <div class=\"row_inner col_align_top tb_col_count_1 tf_box tf_rel\">\n                        <div  data-lazy=\"1\" class=\"module_column tb-column col-full tb_6jw536 first\">\n                    <!-- module text -->\n<div  class=\"module module-text tb_ih5137   \" data-lazy=\"1\">\n        <div  class=\"tb_text_wrap\">\n        <h4 class=\"x-el x-el-h4 c1-1 c1-2 c1-1i c1-1j c1-7v c1-24 c1-23 c1-1l c1-1m c1-b c1-7w c1-69 c1-1o c1-6b c1-6d c1-6e c1-6f\" role=\"heading\" aria-level=\"4\" data-ux=\"ContentHeading\" data-aid=\"CONTENT_MEDIA_HEADLINE1_RENDERED\" data-typography=\"HeadingDelta\">Top Gr\u00fcnde:<\/h4>\n<div class=\"x-el c1-1 c1-2 c1-1i c1-1j c1-1k c1-1l c1-1m c1-7x c1-7y c1-7z c1-80 c1-81 c1-82 c1-83 c1-84 c1-85 c1-86 c1-87 c1-88 c1-89 c1-8a c1-8b c1-8c c1-8d c1-8e c1-8f c1-8g c1-8h c1-8i c1-8j c1-8k c1-8l c1-8m c1-8n c1-8o c1-3y c1-b c1-8p c1-c c1-1o c1-d c1-e c1-f c1-g x-rt\" data-ux=\"ContentText\" data-aid=\"CONTENT_MEDIA_DESCRIPTION1_RENDERED\" data-typography=\"BodyAlpha\">\n<p>Willkommen in Opatija, Kroatien. <\/p>\n<p>Endlich bist du in deinem Traumurlaub angekommen. Sieben Tage pure Entspannung und Genuss an unserer wundersch\u00f6nen K\u00fcste. Nach ein paar Tagen am Strand hast du beschlossen, dass es Zeit f\u00fcr einen Bootsausflug ist. Du siehst st\u00e4ndig Boote, es gibt viele davon. Sie fahren immer irgendwohin, bringen immer Leute herum. Du fragst dich: &#8222;Wohin k\u00f6nnten wir fahren?&#8220;<\/p>\n<p>Eine der besten Aktivit\u00e4ten in Opatija ist es, ein Boot zu den Inseln davor zu mieten. Hier sind einige Gr\u00fcnde, warum du das auch tun solltest:<\/p>\n<p>1. <strong class=\"x-el x-el-span c1-2a c1-2b c1-b c1-8q c1-2l c1-55 c1-8r\">Wilde Str\u00e4nde <\/strong><\/p>\n<p>Obwohl die Str\u00e4nde an der K\u00fcste sch\u00f6n sind, bieten die Inseln Str\u00e4nde, die nur mit dem Boot erreichbar sind. Diese sind meistens leer und haben unber\u00fchrte Natur. Diese k\u00f6nnen nur mit einem gemieteten Boot erreicht werden. <\/p>\n<p>2. <strong class=\"x-el x-el-span c1-2a c1-2b c1-b c1-8q c1-2l c1-55 c1-8r\">Die sch\u00f6nste Art zu reisen <\/strong><\/p>\n<p>W\u00e4hrend andere Leute w\u00e4hlen, am Ufer zu sein und bei \u00fcber 35 Grad in der Sonne zu schwitzen, bist du auf dem gemieteten Boot, l\u00e4sst dir den Wind um die Nase wehen und kannst schwimmen, wann immer du willst. Nicht nur das, sondern du siehst die Bucht aus einer Perspektive, die un\u00fcbertroffen ist. <\/p>\n<p>3. <strong class=\"x-el x-el-span c1-2a c1-2b c1-b c1-8q c1-2l c1-55 c1-8r\">Der schnellste Weg zu reisen <\/strong><\/p>\n<p>In der Sommersaison w\u00e4hlen die Menschen oft Stra\u00dfen als Hauptverkehrsweg. Das f\u00fchrt zu gro\u00dfen, verr\u00fcckten Verkehrsstaus, in die wir nicht geraten m\u00f6chten. Auf dem Meer gibt es keine Staus. Das Meer ist f\u00fcr dich mit dem gemieteten Boot offen. <\/p>\n<p>4. <strong class=\"x-el x-el-span c1-2a c1-2b c1-b c1-8q c1-2l c1-55 c1-8r\">Einzigartigkeit <\/strong><\/p>\n<p>Mal ehrlich, die Einzigartigkeit einer Erinnerung an ein gemietetes Boot aus deinem Urlaub ist unschlagbar. Jede deiner Social-Media-Plattformen wird voller Fotos und Erinnerungen sein.<\/p>\n<\/div>    <\/div>\n<\/div>\n<!-- \/module text -->        <\/div>\n                        <\/div>\n        <\/div>\n                        <div  data-lazy=\"1\" class=\"module_row themify_builder_row tb_yqsn972 tf_w\">\n                        <div class=\"row_inner col_align_top tb_col_count_1 tf_box tf_rel\">\n                        <div  data-lazy=\"1\" class=\"module_column tb-column col-full tb_1qqz972 first\">\n                    <!-- module template_part -->\n<div  class=\"module module-layout-part tb_mb9x972 \">\n    <div class=\"tb_layout_part_wrap tf_w\"><!--themify_builder_content-->\n    <div  class=\"themify_builder_content themify_builder_content-1691 themify_builder not_editable_builder in_the_loop\" data-postid=\"1691\">\n                        <div  data-lazy=\"1\" class=\"module_row themify_builder_row tb_u61p505 tf_w\">\n                        <div class=\"row_inner col_align_top tb_col_count_1 tf_box tf_rel\">\n                        <div  data-lazy=\"1\" class=\"module_column tb-column col-full tb_o69l005 first\">\n                    <!-- module text -->\n<div  class=\"module module-text tb_n7qd053   \" data-lazy=\"1\">\n        <div  class=\"tb_text_wrap\">\n        <div class=\"flex-1 overflow-hidden\"><div class=\"react-scroll-to-bottom--css-mfjjv-79elbk h-full\"><div class=\"react-scroll-to-bottom--css-mfjjv-1n7m0yu\"><div class=\"flex flex-col text-sm pb-9\"><div class=\"w-full text-token-text-primary\" data-testid=\"conversation-turn-351\"><div class=\"px-4 py-2 justify-center text-base md:gap-6 m-auto\"><div class=\"flex flex-1 text-base mx-auto gap-3 md:px-5 lg:px-1 xl:px-5 md:max-w-3xl lg:max-w-[40rem] xl:max-w-[48rem] group final-completion\"><div class=\"relative flex w-full flex-col agent-turn\"><div class=\"flex-col gap-1 md:gap-3\"><div class=\"flex flex-grow flex-col max-w-full\"><div class=\"min-h-[20px] text-message flex flex-col items-start gap-3 whitespace-pre-wrap break-words [.text-message+&amp;]:mt-5 overflow-x-auto\" data-message-author-role=\"assistant\" data-message-id=\"811a7c0d-5de3-4f46-86e1-d5b33e506f18\"><div class=\"markdown prose w-full break-words dark:prose-invert light\"><h1 style=\"text-align: center;\">Mieten Sie Ihr Boot, kontaktieren Sie uns:<\/h1><\/div><\/div><\/div><\/div><\/div><\/div><\/div><\/div><\/div><\/div><\/div><\/div>    <\/div>\n<\/div>\n<!-- \/module text --><!-- module contact -->\n<div  id=\"tb_w5z0909\" class=\"module module-contact tb_w5z0909 contact-style1 \" data-lazy=\"1\">\n    \n\t<form class=\"builder-contact\"\n\t\tid=\"tb_w5z0909-form\"\n\t\tmethod=\"post\"\n\t\tdata-post-id=\"1691\"\n\t\tdata-element-id=\"w5z0909\"\n\t\tdata-orig-id=\"1597\"\n\t>\n    <div class=\"contact-message\"><\/div>\n\t<div class=\"builder-contact-fields tf_rel\">\n\t\t    \t\t    <div class=\"builder-contact-field builder-contact-field-name builder-contact-text-field\">\n\t\t\t    <label class=\"control-label\" for=\"tb_w5z0909-contact-name\">\n\t\t\t\t\t\t\t\t\t\t<span class=\"tb-label-span\">Name und Nachname <\/span><span class=\"required\">*<\/span>\t\t\t\t<\/label>\n\t\t\t    <div class=\"control-input tf_rel\">\n\t\t\t\t    \t\t\t\t\t    <input type=\"text\" name=\"contact-name\" placeholder=\"\" id=\"tb_w5z0909-contact-name\" value=\"\" class=\"form-control\" required>\n\t\t\t\t    \t\t\t\t    \t\t\t    <\/div>\n\t\t<\/div>\n\t    \n\t\t    \t\t    \t\t    <div class=\"builder-contact-field builder-contact-field-extra builder-contact-select-field\">\n\t\t\t\t\n\t\t\t\t<label class=\"control-label\" for=\"field_extra_tb_w5z0909_0\">\n\t\t\t\t\t\n\t\t\t\t\tW\u00e4hlen Sie Ihr Boot aus:\t\t\t\t\t\t\t\t\t\t\t<input type=\"hidden\" name=\"field_extra_name_0\" value=\"W\u00e4hlen Sie Ihr Boot aus:\">\n\t\t\t\t\t\t\t\t\t\t\t<span class=\"required\">*<\/span>\n\t\t\t\t\t\t\t\t\t<\/label>\n\t\t\t\t<div class=\"control-input tf_rel\">\n\t\t\t\t\t\t\t\t\t\t\t\t\t\t\t\t\t\t<select id=\"field_extra_tb_w5z0909_0\" name=\"field_extra_0\" class=\"form-control tf_scrollbar\" required>\n\t\t\t\t\t\t\t\t\t\t\t\t\t\t\t\t\t\t\t\t\t\t\t\t\t<option value=\"Verf\u00fcgbarkeit\"> Verf\u00fcgbarkeit <\/option>\n\t\t\t\t\t\t\t\t\t\t\t\t\t\t\t\t\t<option value=\"Ranieri 26s\"> Ranieri 26s <\/option>\n\t\t\t\t\t\t\t\t\t\t\t\t\t\t\t\t\t<option value=\"Quicksilver 555\"> Quicksilver 555 <\/option>\n\t\t\t\t\t\t\t\t\t\t\t\t\t\t\t\t\t<option value=\"Ranieri 18s\"> Ranieri 18s <\/option>\n\t\t\t\t\t\t\t\t\t\t\t\t\t\t\t\t\t<option value=\"Rancraft RM22\"> Rancraft RM22 <\/option>\n\t\t\t\t\t\t\t\t\t\t\t\t\t\t\t\t\t<option value=\"Merry Fisher 755\"> Merry Fisher 755 <\/option>\n\t\t\t\t\t\t\t\t\t\t\t\t\t\t\t\t\t<option value=\"Barbossa\"> Barbossa <\/option>\n\t\t\t\t\t\t\t\t\t\t\t\t\t\t\t\t\t<option value=\"Pardo 43\"> Pardo 43 <\/option>\n\t\t\t\t\t\t\t\t\t\t\t\t\t\t\t\t\t<option value=\"Mano Marine 23.10wa\"> Mano Marine 23.10wa <\/option>\n\t\t\t\t\t\t\t\t\t\t\t\t\t\t\t\t\t<option value=\"Beneteau Flyer 6.6\"> Beneteau Flyer 6.6 <\/option>\n\t\t\t\t\t\t\t\t\t\t\t\t\t\t\t\t\t<option value=\"Jaguar 6.0\"> Jaguar 6.0 <\/option>\n\t\t\t\t\t\t\t\t\t\t\t\t\t\t\t<\/select>\n\t\t\t\t\t\t\t\t\t\t\t\n\t\t\t\t\t\t\t\t\t<\/div>\n\t\t    <\/div>\n\t    \n\t\t    \t\t    <div class=\"builder-contact-field builder-contact-field-email builder-contact-text-field\">\n\t\t\t    <label class=\"control-label\" for=\"tb_w5z0909-contact-email\">\n\t\t\t\t\t\t\t\t\t\t<span class=\"tb-label-span\">Email <\/span><span class=\"required\">*<\/span>\t\t\t\t<\/label>\n\t\t\t    <div class=\"control-input tf_rel\">\n\t\t\t\t    \t\t\t\t\t    <input type=\"email\" name=\"contact-email\" placeholder=\"\" id=\"tb_w5z0909-contact-email\" value=\"\" class=\"form-control\" required>\n\t\t\t\t    \t\t\t\t    \t\t\t    <\/div>\n\t\t<\/div>\n\t    \n\t\t    \t\t    <div class=\"builder-contact-field builder-contact-field-subject builder-contact-text-field\">\n\t\t\t    <label class=\"control-label\" for=\"tb_w5z0909-contact-subject\">\n\t\t\t\t\t\t\t\t\t\t<span class=\"tb-label-span\">Thema <\/span><span class=\"required\">*<\/span>\t\t\t\t<\/label>\n\t\t\t    <div class=\"control-input tf_rel\">\n\t\t\t\t    \t\t\t\t\t    <input type=\"text\" name=\"contact-subject\" placeholder=\"\" id=\"tb_w5z0909-contact-subject\" value=\"\" class=\"form-control\" required>\n\t\t\t\t    \t\t\t\t    \t\t\t    <\/div>\n\t\t<\/div>\n\t    \n\t\t    \t\t    <div class=\"builder-contact-field builder-contact-field-message builder-contact-textarea-field\">\n\t\t\t    <label class=\"control-label\" for=\"tb_w5z0909-contact-message\">\n\t\t\t\t\t\t\t\t\t\t<span class=\"tb-label-span\">Nachricht <\/span>\t\t\t\t<\/label>\n\t\t\t    <div class=\"control-input tf_rel\">\n\t\t\t\t    \t\t\t\t\t    <textarea name=\"contact-message\" placeholder=\"\" id=\"tb_w5z0909-contact-message\" class=\"form-control\"><\/textarea>\n\t\t\t\t    \t\t\t\t    \t\t\t    <\/div>\n\t\t<\/div>\n\t    \n\t\t    \t\t\n\t\t\t\t\t<div class=\"builder-contact-field builder-contact-field-gdpr\">\n\t\t\t\t<div class=\"control-label\">\n\t\t\t\t\t<div class=\"control-input tf_rel\">\n\t\t\t\t\t\t<label class=\"field-gdpr\">\n\t\t\t\t\t\t\t<input type=\"checkbox\" name=\"gdpr\" value=\"1\" required>\n\t\t\t\t\t\t\t<span>Ich stimme zu, dass meine \u00fcbermittelten Daten gesammelt und gespeichert werden d\u00fcrfen.<\/span>\n\t\t\t\t\t\t\t<span class=\"required\">*<\/span>\n\t\t\t\t\t\t<\/label>\n\t\t\t\t\t<\/div>\n\t\t\t\t<\/div>\n\t\t\t<\/div>\n\t\t\n\t    \n\t    <div class=\"builder-contact-field builder-contact-field-send control-input tf_textl tf_clear tf_rel\">\n\t\t\t<button type=\"submit\" class=\"btn btn-primary\">\n\t\t\t\t<span class=\"tf_loader\"><\/span>\t\t\t\t<span class=\"tf_submit_icon\"><\/span> \n\t\t\t\tSenden\t\t\t<\/button>\n\t    <\/div>\n\t<\/div>\n    <\/form>\n    <\/div>\n<!-- \/module contact -->\n        <\/div>\n                        <\/div>\n        <\/div>\n            <\/div>\n<!--\/themify_builder_content--><\/div>\n<\/div>\n<!-- \/module template_part -->        <\/div>\n                        <\/div>\n        <\/div>\n        <\/div>\n<!--\/themify_builder_content-->","protected":false},"excerpt":{"rendered":"<p>WARUM EIN BOOT MIETEN?<\/p>\n","protected":false},"author":1,"featured_media":0,"parent":0,"menu_order":0,"comment_status":"closed","ping_status":"closed","template":"","meta":{"_joinchat":[],"footnotes":""},"class_list":["post-1597","page","type-page","status-publish","hentry","has-post-title","has-post-date","has-post-category","has-post-tag","has-post-comment","has-post-author",""],"aioseo_notices":[],"builder_content":"<h1 style=\"text-align: center;\"><strong>WARUM EIN BOOT MIETEN?<\/strong><\/h1>\n[gallery ids=\"248,249,250,251,252\"]\n<h4 role=\"heading\" aria-level=\"4\" data-ux=\"ContentHeading\" data-aid=\"CONTENT_MEDIA_HEADLINE1_RENDERED\" data-typography=\"HeadingDelta\">Top Gr\u00fcnde:<\/h4>\n<p>Willkommen in Opatija, Kroatien. <\/p> <p>Endlich bist du in deinem Traumurlaub angekommen. Sieben Tage pure Entspannung und Genuss an unserer wundersch\u00f6nen K\u00fcste. Nach ein paar Tagen am Strand hast du beschlossen, dass es Zeit f\u00fcr einen Bootsausflug ist. Du siehst st\u00e4ndig Boote, es gibt viele davon. Sie fahren immer irgendwohin, bringen immer Leute herum. Du fragst dich: \"Wohin k\u00f6nnten wir fahren?\"<\/p> <p>Eine der besten Aktivit\u00e4ten in Opatija ist es, ein Boot zu den Inseln davor zu mieten. Hier sind einige Gr\u00fcnde, warum du das auch tun solltest:<\/p> <p>1. <strong>Wilde Str\u00e4nde <\/strong><\/p> <p>Obwohl die Str\u00e4nde an der K\u00fcste sch\u00f6n sind, bieten die Inseln Str\u00e4nde, die nur mit dem Boot erreichbar sind. Diese sind meistens leer und haben unber\u00fchrte Natur. Diese k\u00f6nnen nur mit einem gemieteten Boot erreicht werden. <\/p> <p>2. <strong>Die sch\u00f6nste Art zu reisen <\/strong><\/p> <p>W\u00e4hrend andere Leute w\u00e4hlen, am Ufer zu sein und bei \u00fcber 35 Grad in der Sonne zu schwitzen, bist du auf dem gemieteten Boot, l\u00e4sst dir den Wind um die Nase wehen und kannst schwimmen, wann immer du willst. Nicht nur das, sondern du siehst die Bucht aus einer Perspektive, die un\u00fcbertroffen ist. <\/p> <p>3. <strong>Der schnellste Weg zu reisen <\/strong><\/p> <p>In der Sommersaison w\u00e4hlen die Menschen oft Stra\u00dfen als Hauptverkehrsweg. Das f\u00fchrt zu gro\u00dfen, verr\u00fcckten Verkehrsstaus, in die wir nicht geraten m\u00f6chten. Auf dem Meer gibt es keine Staus. Das Meer ist f\u00fcr dich mit dem gemieteten Boot offen. <\/p> <p>4. <strong>Einzigartigkeit <\/strong><\/p> <p>Mal ehrlich, die Einzigartigkeit einer Erinnerung an ein gemietetes Boot aus deinem Urlaub ist unschlagbar. Jede deiner Social-Media-Plattformen wird voller Fotos und Erinnerungen sein.<\/p>","_links":{"self":[{"href":"https:\/\/quarnerotours.com\/de\/wp-json\/wp\/v2\/pages\/1597"}],"collection":[{"href":"https:\/\/quarnerotours.com\/de\/wp-json\/wp\/v2\/pages"}],"about":[{"href":"https:\/\/quarnerotours.com\/de\/wp-json\/wp\/v2\/types\/page"}],"author":[{"embeddable":true,"href":"https:\/\/quarnerotours.com\/de\/wp-json\/wp\/v2\/users\/1"}],"replies":[{"embeddable":true,"href":"https:\/\/quarnerotours.com\/de\/wp-json\/wp\/v2\/comments?post=1597"}],"version-history":[{"count":3,"href":"https:\/\/quarnerotours.com\/de\/wp-json\/wp\/v2\/pages\/1597\/revisions"}],"predecessor-version":[{"id":1697,"href":"https:\/\/quarnerotours.com\/de\/wp-json\/wp\/v2\/pages\/1597\/revisions\/1697"}],"wp:attachment":[{"href":"https:\/\/quarnerotours.com\/de\/wp-json\/wp\/v2\/media?parent=1597"}],"curies":[{"name":"wp","href":"https:\/\/api.w.org\/{rel}","templated":true}]}}