{"id":1601,"date":"2023-11-01T10:32:04","date_gmt":"2023-11-01T10:32:04","guid":{"rendered":"https:\/\/quarnerotours.com\/kontakt\/"},"modified":"2024-03-18T09:39:01","modified_gmt":"2024-03-18T09:39:01","slug":"kontakt","status":"publish","type":"page","link":"https:\/\/quarnerotours.com\/de\/kontakt\/","title":{"rendered":"Kontakt"},"content":{"rendered":"<!--themify_builder_content-->\n<div id=\"themify_builder_content-1601\" data-postid=\"1601\" class=\"themify_builder_content themify_builder_content-1601 themify_builder tf_clear\">\n                    <div  data-lazy=\"1\" class=\"module_row themify_builder_row tb_d1ht593 tb_first tf_w\">\n                        <div class=\"row_inner col_align_top tb_col_count_1 tf_box tf_rel\">\n                        <div  data-lazy=\"1\" class=\"module_column tb-column col-full tb_c0vz594 first\">\n                    <!-- module text -->\n<div  class=\"module module-text tb_srf2729   \" data-lazy=\"1\">\n        <div  class=\"tb_text_wrap\">\n        <h1 style=\"text-align: center;\"><strong>KONTAKTIEREN SIE UNS<\/strong><\/h1>    <\/div>\n<\/div>\n<!-- \/module text -->        <\/div>\n                        <\/div>\n        <\/div>\n                        <div  data-lazy=\"1\" class=\"module_row themify_builder_row tb_okhr976 tf_w\">\n                        <div class=\"row_inner col_align_top tb_col_count_1 tf_box tf_rel\">\n                        <div  data-lazy=\"1\" class=\"module_column tb-column col-full tb_f9cb976 first\">\n                    <!-- module template_part -->\n<div  class=\"module module-layout-part tb_h0tg589 \">\n    <div class=\"tb_layout_part_wrap tf_w\"><!--themify_builder_content-->\n    <div  class=\"themify_builder_content themify_builder_content-1678 themify_builder not_editable_builder in_the_loop\" data-postid=\"1678\">\n                        <div  data-lazy=\"1\" class=\"module_row themify_builder_row tb_fo0a028 tf_w\">\n                        <div class=\"row_inner col_align_top tb_col_count_1 tf_box tf_rel\">\n                        <div  data-lazy=\"1\" class=\"module_column tb-column col-full tb_mcaj284 first\">\n                    <!-- module text -->\n<div  class=\"module module-text tb_r7g6622   \" data-lazy=\"1\">\n        <div  class=\"tb_text_wrap\">\n        <h1 style=\"text-align: center;\">Rent a Boat &#8211; senden Sie Ihre Anfrage<\/h1>\n    <\/div>\n<\/div>\n<!-- \/module text -->        <\/div>\n                        <\/div>\n        <\/div>\n                        <div  data-lazy=\"1\" class=\"module_row themify_builder_row tb_nv62120 tf_w\">\n                        <div class=\"row_inner col_align_top tb_col_count_2 tf_box tf_rel\">\n                        <div  data-lazy=\"1\" class=\"module_column tb-column col4-2 tb_u4pv110 first\">\n                    <!-- module contact -->\n<div  id=\"tb_c40o209\" class=\"module module-contact tb_c40o209 contact-style1 \" data-lazy=\"1\">\n    \n\t<form class=\"builder-contact\"\n\t\tid=\"tb_c40o209-form\"\n\t\tmethod=\"post\"\n\t\tdata-post-id=\"1678\"\n\t\tdata-element-id=\"c40o209\"\n\t\tdata-orig-id=\"1601\"\n\t>\n    <div class=\"contact-message\"><\/div>\n\t<div class=\"builder-contact-fields tf_rel\">\n\t\t    \t\t    <div class=\"builder-contact-field builder-contact-field-name builder-contact-text-field\">\n\t\t\t    <label class=\"control-label\" for=\"tb_c40o209-contact-name\">\n\t\t\t\t\t\t\t\t\t\t<span class=\"tb-label-span\">Name und Nachname <\/span><span class=\"required\">*<\/span>\t\t\t\t<\/label>\n\t\t\t    <div class=\"control-input tf_rel\">\n\t\t\t\t    \t\t\t\t\t    <input type=\"text\" name=\"contact-name\" placeholder=\"\" id=\"tb_c40o209-contact-name\" value=\"\" class=\"form-control\" required>\n\t\t\t\t    \t\t\t\t    \t\t\t    <\/div>\n\t\t<\/div>\n\t    \n\t\t    \t\t    \t\t    <div class=\"builder-contact-field builder-contact-field-extra builder-contact-select-field\">\n\t\t\t\t\n\t\t\t\t<label class=\"control-label\" for=\"field_extra_tb_c40o209_0\">\n\t\t\t\t\t\n\t\t\t\t\tW\u00e4hlen Sie Ihr Boot aus:\t\t\t\t\t\t\t\t\t\t\t<input type=\"hidden\" name=\"field_extra_name_0\" value=\"W\u00e4hlen Sie Ihr Boot aus:\">\n\t\t\t\t\t\t\t\t\t\t\t<span class=\"required\">*<\/span>\n\t\t\t\t\t\t\t\t\t<\/label>\n\t\t\t\t<div class=\"control-input tf_rel\">\n\t\t\t\t\t\t\t\t\t\t\t\t\t\t\t\t\t\t<select id=\"field_extra_tb_c40o209_0\" name=\"field_extra_0\" class=\"form-control tf_scrollbar\" required>\n\t\t\t\t\t\t\t\t\t\t\t\t\t\t\t\t\t\t\t\t\t\t\t\t\t<option value=\"Verf\u00fcgbarkeit\"> Verf\u00fcgbarkeit <\/option>\n\t\t\t\t\t\t\t\t\t\t\t\t\t\t\t\t\t<option value=\"Ranieri 26s\"> Ranieri 26s <\/option>\n\t\t\t\t\t\t\t\t\t\t\t\t\t\t\t\t\t<option value=\"Quicksilver 555\"> Quicksilver 555 <\/option>\n\t\t\t\t\t\t\t\t\t\t\t\t\t\t\t\t\t<option value=\"Ranieri 18s\"> Ranieri 18s <\/option>\n\t\t\t\t\t\t\t\t\t\t\t\t\t\t\t\t\t<option value=\"Rancraft RM22\"> Rancraft RM22 <\/option>\n\t\t\t\t\t\t\t\t\t\t\t\t\t\t\t\t\t<option value=\"Merry Fisher 795\"> Merry Fisher 795 <\/option>\n\t\t\t\t\t\t\t\t\t\t\t\t\t\t\t\t\t<option value=\"Barbossa\"> Barbossa <\/option>\n\t\t\t\t\t\t\t\t\t\t\t\t\t\t\t\t\t<option value=\"Pardo 43\"> Pardo 43 <\/option>\n\t\t\t\t\t\t\t\t\t\t\t\t\t\t\t\t\t<option value=\"Mano Marine 23.10wa\"> Mano Marine 23.10wa <\/option>\n\t\t\t\t\t\t\t\t\t\t\t\t\t\t\t\t\t<option value=\"Beneteau Flyer 6.6\"> Beneteau Flyer 6.6 <\/option>\n\t\t\t\t\t\t\t\t\t\t\t\t\t\t\t\t\t<option value=\"Jaguar 6.0\"> Jaguar 6.0 <\/option>\n\t\t\t\t\t\t\t\t\t\t\t\t\t\t\t<\/select>\n\t\t\t\t\t\t\t\t\t\t\t\n\t\t\t\t\t\t\t\t\t<\/div>\n\t\t    <\/div>\n\t    \n\t\t    \t\t    <div class=\"builder-contact-field builder-contact-field-email builder-contact-text-field\">\n\t\t\t    <label class=\"control-label\" for=\"tb_c40o209-contact-email\">\n\t\t\t\t\t\t\t\t\t\t<span class=\"tb-label-span\">Email <\/span><span class=\"required\">*<\/span>\t\t\t\t<\/label>\n\t\t\t    <div class=\"control-input tf_rel\">\n\t\t\t\t    \t\t\t\t\t    <input type=\"email\" name=\"contact-email\" placeholder=\"\" id=\"tb_c40o209-contact-email\" value=\"\" class=\"form-control\" required>\n\t\t\t\t    \t\t\t\t    \t\t\t    <\/div>\n\t\t<\/div>\n\t    \n\t\t    \t\t    <div class=\"builder-contact-field builder-contact-field-subject builder-contact-text-field\">\n\t\t\t    <label class=\"control-label\" for=\"tb_c40o209-contact-subject\">\n\t\t\t\t\t\t\t\t\t\t<span class=\"tb-label-span\">Thema <\/span><span class=\"required\">*<\/span>\t\t\t\t<\/label>\n\t\t\t    <div class=\"control-input tf_rel\">\n\t\t\t\t    \t\t\t\t\t    <input type=\"text\" name=\"contact-subject\" placeholder=\"\" id=\"tb_c40o209-contact-subject\" value=\"\" class=\"form-control\" required>\n\t\t\t\t    \t\t\t\t    \t\t\t    <\/div>\n\t\t<\/div>\n\t    \n\t\t    \t\t    <div class=\"builder-contact-field builder-contact-field-message builder-contact-textarea-field\">\n\t\t\t    <label class=\"control-label\" for=\"tb_c40o209-contact-message\">\n\t\t\t\t\t\t\t\t\t\t<span class=\"tb-label-span\">Nachricht <\/span>\t\t\t\t<\/label>\n\t\t\t    <div class=\"control-input tf_rel\">\n\t\t\t\t    \t\t\t\t\t    <textarea name=\"contact-message\" placeholder=\"\" id=\"tb_c40o209-contact-message\" class=\"form-control\"><\/textarea>\n\t\t\t\t    \t\t\t\t    \t\t\t    <\/div>\n\t\t<\/div>\n\t    \n\t\t    \t\t\n\t\t\t\t\t<div class=\"builder-contact-field builder-contact-field-gdpr\">\n\t\t\t\t<div class=\"control-label\">\n\t\t\t\t\t<div class=\"control-input tf_rel\">\n\t\t\t\t\t\t<label class=\"field-gdpr\">\n\t\t\t\t\t\t\t<input type=\"checkbox\" name=\"gdpr\" value=\"1\" required>\n\t\t\t\t\t\t\t<span>Ich stimme zu, dass meine \u00fcbermittelten Daten gesammelt und gespeichert werden d\u00fcrfen.<\/span>\n\t\t\t\t\t\t\t<span class=\"required\">*<\/span>\n\t\t\t\t\t\t<\/label>\n\t\t\t\t\t<\/div>\n\t\t\t\t<\/div>\n\t\t\t<\/div>\n\t\t\n\t    \n\t    <div class=\"builder-contact-field builder-contact-field-send control-input tf_textl tf_clear tf_rel\">\n\t\t\t<button type=\"submit\" class=\"btn btn-primary\">\n\t\t\t\t<span class=\"tf_loader\"><\/span>\t\t\t\t<span class=\"tf_submit_icon\"><\/span> \n\t\t\t\tSenden\t\t\t<\/button>\n\t    <\/div>\n\t<\/div>\n    <\/form>\n    <\/div>\n<!-- \/module contact -->\n        <\/div>\n                    <div  data-lazy=\"1\" class=\"module_column tb-column col4-2 tb_5o7s004 last\">\n                    <!-- module text -->\n<div  class=\"module module-text tb_v9a8600   \" data-lazy=\"1\">\n        <div  class=\"tb_text_wrap\">\n        <h4>Buchung &#8211; Boot mieten von Opatija oder Rijeka<\/h4><div class=\"x-el c1-1 c1-2 c1-1i c1-1j c1-1k c1-1l c1-7m c1-8v c1-8w c1-8x c1-8y c1-8z c1-90 c1-91 c1-92 c1-93 c1-94 c1-95 c1-96 c1-97 c1-98 c1-99 c1-9a c1-9b c1-9c c1-9d c1-9e c1-9f c1-9g c1-9h c1-9i c1-9j c1-9k c1-9l c1-9m c1-b c1-9n c1-c c1-1o c1-d c1-e c1-f c1-g x-rt\" data-ux=\"ContentText\" data-aid=\"CONTACT_INTRO_DESC_REND\" data-typography=\"BodyAlpha\"><p>Bitte kontaktieren Sie uns f\u00fcr Informationen oder Buchungen. Wir sprechen Englisch, Italienisch und Deutsch.<\/p><p><strong><span class=\"x-el x-el-span c1-7a c1-7b c1-b c1-c c1-d c1-e c1-f c1-g\">Handy: +385917527018<\/span><\/strong><\/p><p>*Lizenz erforderlich, um ein Boot ohne Skipper zu mieten<\/p><\/div>    <\/div>\n<\/div>\n<!-- \/module text --><!-- module buttons -->\n<div  class=\"module module-buttons tb_tdtp088 buttons-horizontal solid  \" data-lazy=\"1\">\n        <div class=\"module-buttons-item tf_in_flx\">\n                        <a href=\"https:\/\/api.whatsapp.com\/send\/?phone=385917527018&#038;text&#038;type=phone_number&#038;app_absent=0\" class=\"ui builder_button tf_in_flx tb_default_color\" >\n                                    <em><svg  class=\"tf_fa tf-fab-square-whatsapp\" aria-hidden=\"true\"><use href=\"#tf-fab-square-whatsapp\"><\/use><\/svg><\/em>                                        Schreiben Sie uns auf Whatsapp                                        <\/a>\n                <\/div>\n            <\/div>\n<!-- \/module buttons -->\n<!-- module text -->\n<div  class=\"module module-text tb_f91v008   \" data-lazy=\"1\">\n        <div  class=\"tb_text_wrap\">\n        <h4 class=\"x-el x-el-h4 c1-1 c1-2 c1-1i c1-1j c1-7l c1-24 c1-23 c1-1l c1-7m c1-b c1-7n c1-69 c1-1o c1-6b c1-6d c1-6e c1-6f\" role=\"heading\" aria-level=\"4\" data-ux=\"ContentHeading\" data-aid=\"CONTACT_INFO_BIZ_NAME_REND\" data-typography=\"HeadingDelta\">Quarnero Tours<\/h4><p class=\"x-el x-el-p c1-1 c1-2 c1-1i c1-1j c1-1k c1-1l c1-7m c1-b c1-9n c1-c c1-1o c1-d c1-e c1-f c1-g\" data-ux=\"ContentText\" data-aid=\"CONTACT_INFO_ADDRESS_REND\" data-typography=\"BodyAlpha\">Zert, Opatija, Kroatien<\/p><div class=\"flex-1 overflow-hidden\"><div class=\"react-scroll-to-bottom--css-mfjjv-79elbk h-full\"><div class=\"react-scroll-to-bottom--css-mfjjv-1n7m0yu\"><div class=\"flex flex-col text-sm pb-9\"><div class=\"w-full text-token-text-primary\" data-testid=\"conversation-turn-345\"><div class=\"px-4 py-2 justify-center text-base md:gap-6 m-auto\"><div class=\"flex flex-1 text-base mx-auto gap-3 md:px-5 lg:px-1 xl:px-5 md:max-w-3xl lg:max-w-[40rem] xl:max-w-[48rem] group final-completion\"><div class=\"relative flex w-full flex-col agent-turn\"><div class=\"flex-col gap-1 md:gap-3\"><div class=\"flex flex-grow flex-col max-w-full\"><div class=\"min-h-[20px] text-message flex flex-col items-start gap-3 whitespace-pre-wrap break-words [.text-message+&amp;]:mt-5 overflow-x-auto\" data-message-author-role=\"assistant\" data-message-id=\"c309cc2b-1da3-4eac-98ca-b440bbf1766a\"><div class=\"markdown prose w-full break-words dark:prose-invert light\"><p>Startpunkte sind von \u00fcberall in der Bucht aus verf\u00fcgbar. Mieten Sie ein Boot von Rijeka, Hilton, Navis, Opatija, I\u010di\u0107i, Lovran, Mo\u0161\u0107eni\u010dka Draga.<\/p><\/div><\/div><\/div><\/div><\/div><\/div><\/div><\/div><\/div><\/div><\/div><\/div>    <\/div>\n<\/div>\n<!-- \/module text -->        <\/div>\n                        <\/div>\n        <\/div>\n                        <div  data-css_id=\"m5am208\" data-lazy=\"1\" class=\"module_row themify_builder_row fullwidth tb_m5am208 tf_w\">\n                        <div class=\"row_inner col_align_top tb_col_count_3 tf_box tf_rel\">\n                        <div  data-lazy=\"1\" class=\"module_column tb-column col3-1 tb_cw3s440 first\">\n                            <\/div>\n                    <div  data-lazy=\"1\" class=\"module_column tb-column col3-1 tb_p542811\">\n                    <!-- module maps pro -->\n<div  id=\"tb_azcd000\" class=\"module module-maps-pro tb_azcd000  tf_lazy\" data-zoom=\"8\" data-type=\"TERRAIN\" data-address=\"45.3125314,14.2716471\" data-scrollwheel=\"\" data-draggable=\"enable\" data-disable_map_ui=\"\" data-polyline=\"\" data-geodesic=\"\" data-polylineStroke=\"2\" data-polylineColor=\"\" data-trigger=\"1\" data-mapid=\"\" data-style_map=\"clean-cut\" data-legacymarkers=\"\" data-lazy=\"1\">\n\t\n\t\t\t<div class=\"maps-pro-canvas-container\">\n\t\t\t<div class=\"maps-pro-canvas\" style=\"width:100%;height:600px\"><\/div>\n\t\t<\/div>\n\t\t\t\t\t<template>\n\t\t\t\t\t\t\t\t\t<div data-address=\"45.3321443,14.3035016\" data-image=\"\">\n\t\t\t\t\t\tQuarnero Tours Opatija\t\t\t\t\t<\/div>\n\t\t\t\t\t\t\t<\/template>\n\t\t\t\t\n\t<\/div>\n<!-- \/module maps pro -->        <\/div>\n                    <div  data-lazy=\"1\" class=\"module_column tb-column col3-1 tb_s6r0080 last\">\n                            <\/div>\n                        <\/div>\n        <\/div>\n            <\/div>\n<!--\/themify_builder_content--><\/div>\n<\/div>\n<!-- \/module template_part -->        <\/div>\n                        <\/div>\n        <\/div>\n        <\/div>\n<!--\/themify_builder_content-->","protected":false},"excerpt":{"rendered":"<p>KONTAKTIEREN SIE UNS<\/p>\n","protected":false},"author":1,"featured_media":0,"parent":0,"menu_order":0,"comment_status":"closed","ping_status":"closed","template":"","meta":{"_joinchat":[],"footnotes":""},"class_list":["post-1601","page","type-page","status-publish","hentry","has-post-title","has-post-date","has-post-category","has-post-tag","has-post-comment","has-post-author",""],"aioseo_notices":[],"builder_content":"<h1 style=\"text-align: center;\"><strong>KONTAKTIEREN SIE UNS<\/strong><\/h1>","_links":{"self":[{"href":"https:\/\/quarnerotours.com\/de\/wp-json\/wp\/v2\/pages\/1601"}],"collection":[{"href":"https:\/\/quarnerotours.com\/de\/wp-json\/wp\/v2\/pages"}],"about":[{"href":"https:\/\/quarnerotours.com\/de\/wp-json\/wp\/v2\/types\/page"}],"author":[{"embeddable":true,"href":"https:\/\/quarnerotours.com\/de\/wp-json\/wp\/v2\/users\/1"}],"replies":[{"embeddable":true,"href":"https:\/\/quarnerotours.com\/de\/wp-json\/wp\/v2\/comments?post=1601"}],"version-history":[{"count":5,"href":"https:\/\/quarnerotours.com\/de\/wp-json\/wp\/v2\/pages\/1601\/revisions"}],"predecessor-version":[{"id":1686,"href":"https:\/\/quarnerotours.com\/de\/wp-json\/wp\/v2\/pages\/1601\/revisions\/1686"}],"wp:attachment":[{"href":"https:\/\/quarnerotours.com\/de\/wp-json\/wp\/v2\/media?parent=1601"}],"curies":[{"name":"wp","href":"https:\/\/api.w.org\/{rel}","templated":true}]}}