{"id":1796,"date":"2023-11-01T10:39:29","date_gmt":"2023-11-01T10:39:29","guid":{"rendered":"https:\/\/quarnerotours.com\/perche-noleggiare\/"},"modified":"2024-04-05T07:25:50","modified_gmt":"2024-04-05T07:25:50","slug":"perche-noleggiare","status":"publish","type":"page","link":"https:\/\/quarnerotours.com\/it\/perche-noleggiare\/","title":{"rendered":"PERCH\u00c9 NOLEGGIARE"},"content":{"rendered":"<!--themify_builder_content-->\n<div id=\"themify_builder_content-1796\" data-postid=\"1796\" class=\"themify_builder_content themify_builder_content-1796 themify_builder tf_clear\">\n                    <div  data-css_id=\"tnug972\" data-lazy=\"1\" class=\"module_row themify_builder_row fullwidth_row_container tb_tnug972 tb_first tf_w\">\n                        <div class=\"row_inner col_align_top tb_col_count_1 tf_box tf_rel\">\n                        <div  data-lazy=\"1\" class=\"module_column tb-column col-full tb_362c972 first\">\n                    <!-- module text -->\n<div  class=\"module module-text tb_emts972   \" data-lazy=\"1\">\n        <div  class=\"tb_text_wrap\">\n        <h1 style=\"text-align: center;\"><strong>PERCH\u00c9 NOLEGGIARE UNA BARCA?<\/strong><\/h1>    <\/div>\n<\/div>\n<!-- \/module text -->        <\/div>\n                        <\/div>\n        <\/div>\n                        <div  data-lazy=\"1\" class=\"module_row themify_builder_row tb_n1wi972 tf_w\">\n                        <div class=\"row_inner col_align_top tb_col_count_1 tf_box tf_rel\">\n                        <div  data-lazy=\"1\" class=\"module_column tb-column col-full tb_8wx8972 first\">\n                    <div  id=\"tb_9pgn972\" class=\"module module-mosaic tb_9pgn972 tf_clearfix  pagination-disabled\" data-lazy=\"1\">\n\t\n\n\t\n\t\t\t<div id=\"tbm_tb_9pgn972\" class=\"tpgs-wrap grid-stack tf_rel\" data-cell-height=\"150\" data-min-width=\"600\">\n\t\n\t\t<div data-gs-x=\"0\" data-gs-y=\"0\" data-gs-width=\"7\" data-gs-height=\"4\" data-hover=\"zoe\" class=\"builder_mosaic_item tf_hidden tf_box \" data-effect=\"fadeIn\">\n\t\t\t<figure class=\"mosaic-container tbm_eff_zoe tf_rel tf_box tf_w tf_h tf_overflow tf_textc\">\n\t\t\t\t<img loading=\"lazy\" decoding=\"async\" src=\"https:\/\/quarnerotours.com\/wp-content\/uploads\/2023\/12\/rsw_800cg_truem-759x1024-1050x600.webp\" width=\"1050\" height=\"600\" class=\"wp-post-image wp-image-1327\" title=\"rs=w_800,cg_true,m\" alt=\"rs=w_800,cg_true,m\">\t\t\t\t<figcaption class=\"tf_abs tf_w tf_h tf_box\">\n\t\t\t\t\t<div class=\"tbm_caption_wrapper tf_box\">\n\t\t\t\t\t\t\n\t\t\t\t\t\t\t\t\t\t\t\t\t\t\t\t\t<\/div>\n\t\t\t\t\t\t\t\t\t\t\t<a href=\"https:\/\/quarnerotours.com\/wp-content\/uploads\/2023\/12\/rsw_800cg_truem.webp\" title=\"rs=w_800,cg_true,m\"\n\t\t\t\t\t\t\t\t\t\t\t\t\t\t\tclass=\"themify_lightbox\" \n\t\t\t\t\t\t\t\tdata-rel=\"tb_9pgn972\"\n\t\t\t\t\t\t\t\t\t\t\t\t\t\t\t\t\t\t\t\t\t><span class=\"screen-reader-text\">Link<\/span><\/a>\n\t\t\t\t\t\t\t\t\t<\/figcaption>\n\n\t\t\t\t\t\t\t<\/figure>\n\t\t<\/div><!-- .post -->\n\t\t\n\t\t<div data-gs-x=\"7\" data-gs-y=\"0\" data-gs-width=\"5\" data-gs-height=\"2\" data-hover=\"zoe\" class=\"builder_mosaic_item tf_hidden tf_box \" data-effect=\"fadeIn\">\n\t\t\t<figure class=\"mosaic-container tbm_eff_zoe tf_rel tf_box tf_w tf_h tf_overflow tf_textc\">\n\t\t\t\t<img loading=\"lazy\" decoding=\"async\" src=\"https:\/\/quarnerotours.com\/wp-content\/uploads\/2023\/12\/rsw_1280h_788-1024x630-750x300.webp\" width=\"750\" height=\"300\" class=\"wp-post-image wp-image-1329\" title=\"rs=w_1280,h_788\" alt=\"rs=w_1280,h_788\">\t\t\t\t<figcaption class=\"tf_abs tf_w tf_h tf_box\">\n\t\t\t\t\t<div class=\"tbm_caption_wrapper tf_box\">\n\t\t\t\t\t\t\n\t\t\t\t\t\t\t\t\t\t\t\t\t\t\t\t\t<\/div>\n\t\t\t\t\t\t\t\t\t\t\t<a href=\"https:\/\/quarnerotours.com\/wp-content\/uploads\/2023\/12\/rsw_1280h_788.webp\" title=\"rs=w_1280,h_788\"\n\t\t\t\t\t\t\t\t\t\t\t\t\t\t\tclass=\"themify_lightbox\" \n\t\t\t\t\t\t\t\tdata-rel=\"tb_9pgn972\"\n\t\t\t\t\t\t\t\t\t\t\t\t\t\t\t\t\t\t\t\t\t><span class=\"screen-reader-text\">Link<\/span><\/a>\n\t\t\t\t\t\t\t\t\t<\/figcaption>\n\n\t\t\t\t\t\t\t<\/figure>\n\t\t<\/div><!-- .post -->\n\t\t\n\t\t<div data-gs-x=\"7\" data-gs-y=\"2\" data-gs-width=\"5\" data-gs-height=\"2\" data-hover=\"zoe\" class=\"builder_mosaic_item tf_hidden tf_box \" data-effect=\"fadeIn\">\n\t\t\t<figure class=\"mosaic-container tbm_eff_zoe tf_rel tf_box tf_w tf_h tf_overflow tf_textc\">\n\t\t\t\t<img loading=\"lazy\" decoding=\"async\" src=\"https:\/\/quarnerotours.com\/wp-content\/uploads\/2023\/12\/rsw_1280h_1707-768x1024-750x300.webp\" width=\"750\" height=\"300\" class=\"wp-post-image wp-image-1331\" title=\"rs=w_1280,h_1707\" alt=\"rs=w_1280,h_1707\">\t\t\t\t<figcaption class=\"tf_abs tf_w tf_h tf_box\">\n\t\t\t\t\t<div class=\"tbm_caption_wrapper tf_box\">\n\t\t\t\t\t\t\n\t\t\t\t\t\t\t\t\t\t\t\t\t\t\t\t\t<\/div>\n\t\t\t\t\t\t\t\t\t\t\t<a href=\"https:\/\/quarnerotours.com\/wp-content\/uploads\/2023\/12\/rsw_1280h_1707.webp\" title=\"rs=w_1280,h_1707\"\n\t\t\t\t\t\t\t\t\t\t\t\t\t\t\tclass=\"themify_lightbox\" \n\t\t\t\t\t\t\t\tdata-rel=\"tb_9pgn972\"\n\t\t\t\t\t\t\t\t\t\t\t\t\t\t\t\t\t\t\t\t\t><span class=\"screen-reader-text\">Link<\/span><\/a>\n\t\t\t\t\t\t\t\t\t<\/figcaption>\n\n\t\t\t\t\t\t\t<\/figure>\n\t\t<\/div><!-- .post -->\n\t\t\n\t\t<div data-gs-x=\"0\" data-gs-y=\"4\" data-gs-width=\"5\" data-gs-height=\"2\" data-hover=\"zoe\" class=\"builder_mosaic_item tf_hidden tf_box \" data-effect=\"fadeIn\">\n\t\t\t<figure class=\"mosaic-container tbm_eff_zoe tf_rel tf_box tf_w tf_h tf_overflow tf_textc\">\n\t\t\t\t<img loading=\"lazy\" decoding=\"async\" src=\"https:\/\/quarnerotours.com\/wp-content\/uploads\/2023\/12\/rsw_1280h_1920-683x1024-750x300.webp\" width=\"750\" height=\"300\" class=\"wp-post-image wp-image-1333\" title=\"rs=w_1280,h_1920\" alt=\"rs=w_1280,h_1920\">\t\t\t\t<figcaption class=\"tf_abs tf_w tf_h tf_box\">\n\t\t\t\t\t<div class=\"tbm_caption_wrapper tf_box\">\n\t\t\t\t\t\t\n\t\t\t\t\t\t\t\t\t\t\t\t\t\t\t\t\t<\/div>\n\t\t\t\t\t\t\t\t\t\t\t<a href=\"https:\/\/quarnerotours.com\/wp-content\/uploads\/2023\/12\/rsw_1280h_1920.webp\" title=\"rs=w_1280,h_1920\"\n\t\t\t\t\t\t\t\t\t\t\t\t\t\t\tclass=\"themify_lightbox\" \n\t\t\t\t\t\t\t\tdata-rel=\"tb_9pgn972\"\n\t\t\t\t\t\t\t\t\t\t\t\t\t\t\t\t\t\t\t\t\t><span class=\"screen-reader-text\">Link<\/span><\/a>\n\t\t\t\t\t\t\t\t\t<\/figcaption>\n\n\t\t\t\t\t\t\t<\/figure>\n\t\t<\/div><!-- .post -->\n\t\t\n\t\t<div data-gs-x=\"5\" data-gs-y=\"4\" data-gs-width=\"7\" data-gs-height=\"2\" data-hover=\"zoe\" class=\"builder_mosaic_item tf_hidden tf_box \" data-effect=\"fadeIn\">\n\t\t\t<figure class=\"mosaic-container tbm_eff_zoe tf_rel tf_box tf_w tf_h tf_overflow tf_textc\">\n\t\t\t\t<img loading=\"lazy\" decoding=\"async\" src=\"https:\/\/quarnerotours.com\/wp-content\/uploads\/2023\/12\/rsw_1280h_1726-759x1024-1050x300.webp\" width=\"1050\" height=\"300\" class=\"wp-post-image wp-image-1335\" title=\"rs=w_1280,h_1726\" alt=\"rs=w_1280,h_1726\">\t\t\t\t<figcaption class=\"tf_abs tf_w tf_h tf_box\">\n\t\t\t\t\t<div class=\"tbm_caption_wrapper tf_box\">\n\t\t\t\t\t\t\n\t\t\t\t\t\t\t\t\t\t\t\t\t\t\t\t\t<\/div>\n\t\t\t\t\t\t\t\t\t\t\t<a href=\"https:\/\/quarnerotours.com\/wp-content\/uploads\/2023\/12\/rsw_1280h_1726.webp\" title=\"rs=w_1280,h_1726\"\n\t\t\t\t\t\t\t\t\t\t\t\t\t\t\tclass=\"themify_lightbox\" \n\t\t\t\t\t\t\t\tdata-rel=\"tb_9pgn972\"\n\t\t\t\t\t\t\t\t\t\t\t\t\t\t\t\t\t\t\t\t\t><span class=\"screen-reader-text\">Link<\/span><\/a>\n\t\t\t\t\t\t\t\t\t<\/figcaption>\n\n\t\t\t\t\t\t\t<\/figure>\n\t\t<\/div><!-- .post -->\n\t\t<\/div><!-- .tpgs-wrap -->\n\t\t\t\n\t\t\n\t\t\t\t\t<style>\n\t\t\t\t@media(min-width:601px) {\n\t\t\t\t\t#tb_9pgn972 .builder_mosaic_item{\n\t\t\t\t\t\tpadding:5px\n\t\t\t\t\t}\n\t\t\t\t\t#tb_9pgn972 .grid-stack{\n\t\t\t\t\t\twidth:calc(100% + 10px);\n\t\t\t\t\t\tmargin-left:-5px\n\t\t\t\t\t}\n\t\t\t\t}\n\t\t\t<\/style>\n\t\t\n\t\n\t\n<\/div><!-- .module-mosaic -->\n        <\/div>\n                        <\/div>\n        <\/div>\n                        <div  data-css_id=\"ifxv36\" data-lazy=\"1\" class=\"module_row themify_builder_row fullwidth_row_container tb_ifxv36 tf_w\">\n                        <div class=\"row_inner col_align_top tb_col_count_1 tf_box tf_rel\">\n                        <div  data-lazy=\"1\" class=\"module_column tb-column col-full tb_6jw536 first\">\n                    <!-- module text -->\n<div  class=\"module module-text tb_ih5137   \" data-lazy=\"1\">\n        <div  class=\"tb_text_wrap\">\n        <h4 class=\"x-el x-el-h4 c1-1 c1-2 c1-1i c1-1j c1-7v c1-24 c1-23 c1-1l c1-1m c1-b c1-7w c1-69 c1-1o c1-6b c1-6d c1-6e c1-6f\" role=\"heading\" aria-level=\"4\" data-ux=\"ContentHeading\" data-aid=\"CONTENT_MEDIA_HEADLINE1_RENDERED\" data-typography=\"HeadingDelta\">RAGIONI PRINCIPALI:<\/h4>\n<div class=\"x-el c1-1 c1-2 c1-1i c1-1j c1-1k c1-1l c1-1m c1-7x c1-7y c1-7z c1-80 c1-81 c1-82 c1-83 c1-84 c1-85 c1-86 c1-87 c1-88 c1-89 c1-8a c1-8b c1-8c c1-8d c1-8e c1-8f c1-8g c1-8h c1-8i c1-8j c1-8k c1-8l c1-8m c1-8n c1-8o c1-3y c1-b c1-8p c1-c c1-1o c1-d c1-e c1-f c1-g x-rt\" data-ux=\"ContentText\" data-aid=\"CONTENT_MEDIA_DESCRIPTION1_RENDERED\" data-typography=\"BodyAlpha\">\n<p>Benvenuti a Abbazia, Croazia. <\/p>\n<p>Finalmente sei arrivato nella tua vacanza da sogno. Sette giorni di puro relax e divertimento sulla nostra splendida costa. Dopo un paio di giorni in spiaggia, hai deciso che \u00e8 arrivato il momento per una gita in barca. Vedi barche tutto il tempo, ce ne sono molte. Sempre in viaggio da qualche parte, sempre a portare persone in giro. Ti chiedi: &#8220;Dove potremmo andare con essa?&#8221;<\/p>\n<p>Una delle migliori cose da fare a Opatija \u00e8 noleggiare una barca per le isole di fronte ad essa. Ecco alcuni motivi per cui dovresti farlo anche tu:<\/p>\n<p>1. <strong class=\"x-el x-el-span c1-2a c1-2b c1-b c1-8q c1-2l c1-55 c1-8r\">Spiagge selvagge<\/strong><\/p>\n<p>Anche se le spiagge sono belle lungo la costa, le isole offrono spiagge raggiungibili solo in barca. Queste sono per lo pi\u00f9 deserte e hanno una natura incontaminata. Possono essere raggiunte solo con un noleggio di barca. <\/p>\n<p>2. <strong class=\"x-el x-el-span c1-2a c1-2b c1-b c1-8q c1-2l c1-55 c1-8r\">Il modo pi\u00f9 bello di viaggiare<\/strong><\/p>\n<p>Mentre altre persone scelgono di stare sulla riva, sudando sotto il sole a pi\u00f9 di 35\u00b0C, tu sei sulla barca a noleggio con il vento tra i capelli e a nuotare quando vuoi. Non solo, ma vedi la baia da una prospettiva che non ha eguali. <\/p>\n<p>3. <strong class=\"x-el x-el-span c1-2a c1-2b c1-b c1-8q c1-2l c1-55 c1-8r\">Il modo pi\u00f9 veloce di viaggiare<\/strong><\/p>\n<p>Nella stagione estiva, le persone scelgono spesso le strade come principale percorso di viaggio. Ci\u00f2 comporta grandi e caotici ingorghi stradali in cui non ci piace trovarci. Non ci sono ingorghi sul mare. Il mare \u00e8 aperto al noleggio di una barca. <\/p>\n<p>4. <strong class=\"x-el x-el-span c1-2a c1-2b c1-b c1-8q c1-2l c1-55 c1-8r\">Specialit\u00e0<\/strong><\/p>\n<p>Amiamocelo dire, la specialit\u00e0 di un ricordo di noleggio barca dalla tua vacanza \u00e8 imbattibile. Ogni social media che hai sar\u00e0 pieno di foto e ricordi.<\/p>\n<\/div>    <\/div>\n<\/div>\n<!-- \/module text -->        <\/div>\n                        <\/div>\n        <\/div>\n                        <div  data-lazy=\"1\" class=\"module_row themify_builder_row tb_yqsn972 tf_w\">\n                        <div class=\"row_inner col_align_top tb_col_count_1 tf_box tf_rel\">\n                        <div  data-lazy=\"1\" class=\"module_column tb-column col-full tb_1qqz972 first\">\n                    <!-- module template_part -->\n<div  class=\"module module-layout-part tb_mb9x972 \">\n    <div class=\"tb_layout_part_wrap tf_w\"><!--themify_builder_content-->\n    <div  class=\"themify_builder_content themify_builder_content-2112 themify_builder not_editable_builder in_the_loop\" data-postid=\"2112\">\n                        <div  data-lazy=\"1\" class=\"module_row themify_builder_row tb_37fg616 tf_w\">\n                        <div class=\"row_inner col_align_top tb_col_count_1 tf_box tf_rel\">\n                        <div  data-lazy=\"1\" class=\"module_column tb-column col-full tb_op0x030 first\">\n                    <!-- module text -->\n<div  class=\"module module-text tb_s4id033   \" data-lazy=\"1\">\n        <div  class=\"tb_text_wrap\">\n        <h1 style=\"text-align: center;\"><strong>Noleggia la tua barca, contattaci:<\/strong><\/h1><p>\u00a0<\/p>    <\/div>\n<\/div>\n<!-- \/module text --><!-- module contact -->\n<div  id=\"tb_jcbl333\" class=\"module module-contact tb_jcbl333 contact-style1 \" data-lazy=\"1\">\n    \n\t<form class=\"builder-contact\"\n\t\tid=\"tb_jcbl333-form\"\n\t\tmethod=\"post\"\n\t\tdata-post-id=\"2112\"\n\t\tdata-element-id=\"jcbl333\"\n\t\tdata-orig-id=\"1796\"\n\t>\n    <div class=\"contact-message\"><\/div>\n\t<div class=\"builder-contact-fields tf_rel\">\n\t\t    \t\t    <div class=\"builder-contact-field builder-contact-field-name builder-contact-text-field\">\n\t\t\t    <label class=\"control-label\" for=\"tb_jcbl333-contact-name\">\n\t\t\t\t\t\t\t\t\t\t<span class=\"tb-label-span\">Nome <\/span><span class=\"required\">*<\/span>\t\t\t\t<\/label>\n\t\t\t    <div class=\"control-input tf_rel\">\n\t\t\t\t    \t\t\t\t\t    <input type=\"text\" name=\"contact-name\" placeholder=\"\" id=\"tb_jcbl333-contact-name\" value=\"\" class=\"form-control\" required>\n\t\t\t\t    \t\t\t\t    \t\t\t    <\/div>\n\t\t<\/div>\n\t    \n\t\t    \t\t    \t\t    <div class=\"builder-contact-field builder-contact-field-extra builder-contact-select-field\">\n\t\t\t\t\n\t\t\t\t<label class=\"control-label\" for=\"field_extra_tb_jcbl333_0\">\n\t\t\t\t\t\n\t\t\t\t\tScegli una barca\t\t\t\t\t\t\t\t\t\t\t<input type=\"hidden\" name=\"field_extra_name_0\" value=\"Scegli una barca\">\n\t\t\t\t\t\t\t\t\t\t\t<span class=\"required\">*<\/span>\n\t\t\t\t\t\t\t\t\t<\/label>\n\t\t\t\t<div class=\"control-input tf_rel\">\n\t\t\t\t\t\t\t\t\t\t\t\t\t\t\t\t\t\t<select id=\"field_extra_tb_jcbl333_0\" name=\"field_extra_0\" class=\"form-control tf_scrollbar\" required>\n\t\t\t\t\t\t\t\t\t\t\t\t\t\t\t\t\t\t\t\t\t\t\t\t\t<option value=\"Any available\"> Any available <\/option>\n\t\t\t\t\t\t\t\t\t\t\t\t\t\t\t\t\t<option value=\"Ranieri 26s\"> Ranieri 26s <\/option>\n\t\t\t\t\t\t\t\t\t\t\t\t\t\t\t\t\t<option value=\"Quicksilver 555\"> Quicksilver 555 <\/option>\n\t\t\t\t\t\t\t\t\t\t\t\t\t\t\t\t\t<option value=\"Ranieri 18s\"> Ranieri 18s <\/option>\n\t\t\t\t\t\t\t\t\t\t\t\t\t\t\t\t\t<option value=\"Rancraft RM22\"> Rancraft RM22 <\/option>\n\t\t\t\t\t\t\t\t\t\t\t\t\t\t\t\t\t<option value=\"Merry Fisher 755\"> Merry Fisher 755 <\/option>\n\t\t\t\t\t\t\t\t\t\t\t\t\t\t\t\t\t<option value=\"Barbossa\"> Barbossa <\/option>\n\t\t\t\t\t\t\t\t\t\t\t\t\t\t\t\t\t<option value=\"Pardo 43\"> Pardo 43 <\/option>\n\t\t\t\t\t\t\t\t\t\t\t\t\t\t\t\t\t<option value=\"Mano Marine 23.10wa\"> Mano Marine 23.10wa <\/option>\n\t\t\t\t\t\t\t\t\t\t\t\t\t\t\t\t\t<option value=\"Beneteau Flyer 6.6\"> Beneteau Flyer 6.6 <\/option>\n\t\t\t\t\t\t\t\t\t\t\t\t\t\t\t\t\t<option value=\"Jaguar 6.0\"> Jaguar 6.0 <\/option>\n\t\t\t\t\t\t\t\t\t\t\t\t\t\t\t<\/select>\n\t\t\t\t\t\t\t\t\t\t\t\n\t\t\t\t\t\t\t\t\t<\/div>\n\t\t    <\/div>\n\t    \n\t\t    \t\t    <div class=\"builder-contact-field builder-contact-field-email builder-contact-text-field\">\n\t\t\t    <label class=\"control-label\" for=\"tb_jcbl333-contact-email\">\n\t\t\t\t\t\t\t\t\t\t<span class=\"tb-label-span\">E-mail <\/span><span class=\"required\">*<\/span>\t\t\t\t<\/label>\n\t\t\t    <div class=\"control-input tf_rel\">\n\t\t\t\t    \t\t\t\t\t    <input type=\"email\" name=\"contact-email\" placeholder=\"\" id=\"tb_jcbl333-contact-email\" value=\"\" class=\"form-control\" required>\n\t\t\t\t    \t\t\t\t    \t\t\t    <\/div>\n\t\t<\/div>\n\t    \n\t\t    \t\t    <div class=\"builder-contact-field builder-contact-field-subject builder-contact-text-field\">\n\t\t\t    <label class=\"control-label\" for=\"tb_jcbl333-contact-subject\">\n\t\t\t\t\t\t\t\t\t\t<span class=\"tb-label-span\">Oggetto <\/span><span class=\"required\">*<\/span>\t\t\t\t<\/label>\n\t\t\t    <div class=\"control-input tf_rel\">\n\t\t\t\t    \t\t\t\t\t    <input type=\"text\" name=\"contact-subject\" placeholder=\"\" id=\"tb_jcbl333-contact-subject\" value=\"\" class=\"form-control\" required>\n\t\t\t\t    \t\t\t\t    \t\t\t    <\/div>\n\t\t<\/div>\n\t    \n\t\t    \t\t    <div class=\"builder-contact-field builder-contact-field-message builder-contact-textarea-field\">\n\t\t\t    <label class=\"control-label\" for=\"tb_jcbl333-contact-message\">\n\t\t\t\t\t\t\t\t\t\t<span class=\"tb-label-span\">Messaggio <\/span>\t\t\t\t<\/label>\n\t\t\t    <div class=\"control-input tf_rel\">\n\t\t\t\t    \t\t\t\t\t    <textarea name=\"contact-message\" placeholder=\"\" id=\"tb_jcbl333-contact-message\" class=\"form-control\"><\/textarea>\n\t\t\t\t    \t\t\t\t    \t\t\t    <\/div>\n\t\t<\/div>\n\t    \n\t\t    \t\t\n\t\t\t\t\t<div class=\"builder-contact-field builder-contact-field-gdpr\">\n\t\t\t\t<div class=\"control-label\">\n\t\t\t\t\t<div class=\"control-input tf_rel\">\n\t\t\t\t\t\t<label class=\"field-gdpr\">\n\t\t\t\t\t\t\t<input type=\"checkbox\" name=\"gdpr\" value=\"1\" required>\n\t\t\t\t\t\t\t<span>Acconsento alla raccolta e conservazione dei dati inviati\n<\/span>\n\t\t\t\t\t\t\t<span class=\"required\">*<\/span>\n\t\t\t\t\t\t<\/label>\n\t\t\t\t\t<\/div>\n\t\t\t\t<\/div>\n\t\t\t<\/div>\n\t\t\n\t    \n\t    <div class=\"builder-contact-field builder-contact-field-send control-input tf_textl tf_clear tf_rel\">\n\t\t\t<button type=\"submit\" class=\"btn btn-primary\">\n\t\t\t\t<span class=\"tf_loader\"><\/span>\t\t\t\t<span class=\"tf_submit_icon\"><\/span> \n\t\t\t\tInvia\t\t\t<\/button>\n\t    <\/div>\n\t<\/div>\n    <\/form>\n    <\/div>\n<!-- \/module contact -->\n        <\/div>\n                        <\/div>\n        <\/div>\n            <\/div>\n<!--\/themify_builder_content--><\/div>\n<\/div>\n<!-- \/module template_part -->        <\/div>\n                        <\/div>\n        <\/div>\n        <\/div>\n<!--\/themify_builder_content-->","protected":false},"excerpt":{"rendered":"<p>PERCH\u00c9 NOLEGGIARE UNA BARCA?<\/p>\n","protected":false},"author":1,"featured_media":0,"parent":0,"menu_order":0,"comment_status":"closed","ping_status":"closed","template":"","meta":{"_joinchat":[],"footnotes":""},"class_list":["post-1796","page","type-page","status-publish","hentry","has-post-title","has-post-date","has-post-category","has-post-tag","has-post-comment","has-post-author",""],"aioseo_notices":[],"builder_content":"<h1 style=\"text-align: center;\"><strong>PERCH\u00c9 NOLEGGIARE UNA BARCA?<\/strong><\/h1>\n[gallery ids=\"248,249,250,251,252\"]\n<h4 role=\"heading\" aria-level=\"4\" data-ux=\"ContentHeading\" data-aid=\"CONTENT_MEDIA_HEADLINE1_RENDERED\" data-typography=\"HeadingDelta\">RAGIONI PRINCIPALI:<\/h4>\n<p>Benvenuti a Abbazia, Croazia. <\/p> <p>Finalmente sei arrivato nella tua vacanza da sogno. Sette giorni di puro relax e divertimento sulla nostra splendida costa. Dopo un paio di giorni in spiaggia, hai deciso che \u00e8 arrivato il momento per una gita in barca. Vedi barche tutto il tempo, ce ne sono molte. Sempre in viaggio da qualche parte, sempre a portare persone in giro. Ti chiedi: \"Dove potremmo andare con essa?\"<\/p> <p>Una delle migliori cose da fare a Opatija \u00e8 noleggiare una barca per le isole di fronte ad essa. Ecco alcuni motivi per cui dovresti farlo anche tu:<\/p> <p>1. <strong>Spiagge selvagge<\/strong><\/p> <p>Anche se le spiagge sono belle lungo la costa, le isole offrono spiagge raggiungibili solo in barca. Queste sono per lo pi\u00f9 deserte e hanno una natura incontaminata. Possono essere raggiunte solo con un noleggio di barca. <\/p> <p>2. <strong>Il modo pi\u00f9 bello di viaggiare<\/strong><\/p> <p>Mentre altre persone scelgono di stare sulla riva, sudando sotto il sole a pi\u00f9 di 35\u00b0C, tu sei sulla barca a noleggio con il vento tra i capelli e a nuotare quando vuoi. Non solo, ma vedi la baia da una prospettiva che non ha eguali. <\/p> <p>3. <strong>Il modo pi\u00f9 veloce di viaggiare<\/strong><\/p> <p>Nella stagione estiva, le persone scelgono spesso le strade come principale percorso di viaggio. Ci\u00f2 comporta grandi e caotici ingorghi stradali in cui non ci piace trovarci. Non ci sono ingorghi sul mare. Il mare \u00e8 aperto al noleggio di una barca. <\/p> <p>4. <strong>Specialit\u00e0<\/strong><\/p> <p>Amiamocelo dire, la specialit\u00e0 di un ricordo di noleggio barca dalla tua vacanza \u00e8 imbattibile. Ogni social media che hai sar\u00e0 pieno di foto e ricordi.<\/p>","_links":{"self":[{"href":"https:\/\/quarnerotours.com\/it\/wp-json\/wp\/v2\/pages\/1796"}],"collection":[{"href":"https:\/\/quarnerotours.com\/it\/wp-json\/wp\/v2\/pages"}],"about":[{"href":"https:\/\/quarnerotours.com\/it\/wp-json\/wp\/v2\/types\/page"}],"author":[{"embeddable":true,"href":"https:\/\/quarnerotours.com\/it\/wp-json\/wp\/v2\/users\/1"}],"replies":[{"embeddable":true,"href":"https:\/\/quarnerotours.com\/it\/wp-json\/wp\/v2\/comments?post=1796"}],"version-history":[{"count":3,"href":"https:\/\/quarnerotours.com\/it\/wp-json\/wp\/v2\/pages\/1796\/revisions"}],"predecessor-version":[{"id":2126,"href":"https:\/\/quarnerotours.com\/it\/wp-json\/wp\/v2\/pages\/1796\/revisions\/2126"}],"wp:attachment":[{"href":"https:\/\/quarnerotours.com\/it\/wp-json\/wp\/v2\/media?parent=1796"}],"curies":[{"name":"wp","href":"https:\/\/api.w.org\/{rel}","templated":true}]}}