{"id":1798,"date":"2023-11-01T10:32:04","date_gmt":"2023-11-01T10:32:04","guid":{"rendered":"https:\/\/quarnerotours.com\/contatto\/"},"modified":"2024-04-05T07:19:20","modified_gmt":"2024-04-05T07:19:20","slug":"contatto","status":"publish","type":"page","link":"https:\/\/quarnerotours.com\/it\/contatto\/","title":{"rendered":"Contatto"},"content":{"rendered":"<!--themify_builder_content-->\n<div id=\"themify_builder_content-1798\" data-postid=\"1798\" class=\"themify_builder_content themify_builder_content-1798 themify_builder tf_clear\">\n                    <div  data-lazy=\"1\" class=\"module_row themify_builder_row tb_d1ht593 tb_first tf_w\">\n                        <div class=\"row_inner col_align_top tb_col_count_1 tf_box tf_rel\">\n                        <div  data-lazy=\"1\" class=\"module_column tb-column col-full tb_c0vz594 first\">\n                    <!-- module text -->\n<div  class=\"module module-text tb_srf2729   \" data-lazy=\"1\">\n        <div  class=\"tb_text_wrap\">\n        <h1 style=\"text-align: center;\"><strong>CONTATTACI<\/strong><\/h1>    <\/div>\n<\/div>\n<!-- \/module text -->        <\/div>\n                        <\/div>\n        <\/div>\n                        <div  data-lazy=\"1\" class=\"module_row themify_builder_row tb_okhr976 tf_w\">\n                        <div class=\"row_inner col_align_top tb_col_count_1 tf_box tf_rel\">\n                        <div  data-lazy=\"1\" class=\"module_column tb-column col-full tb_f9cb976 first\">\n                    <!-- module template_part -->\n<div  class=\"module module-layout-part tb_h0tg589 \">\n    <div class=\"tb_layout_part_wrap tf_w\"><!--themify_builder_content-->\n    <div  class=\"themify_builder_content themify_builder_content-2048 themify_builder not_editable_builder in_the_loop\" data-postid=\"2048\">\n                        <div  data-lazy=\"1\" class=\"module_row themify_builder_row tb_pmg4100 tf_w\">\n                        <div class=\"row_inner col_align_top tb_col_count_1 tf_box tf_rel\">\n                        <div  data-lazy=\"1\" class=\"module_column tb-column col-full tb_msbv101 first\">\n                    <!-- module text -->\n<div  class=\"module module-text tb_kx33112   \" data-lazy=\"1\">\n        <div  class=\"tb_text_wrap\">\n        <h1 style=\"text-align: center;\">Noleggia una barca &#8211; invia la tua richiesta<\/h1>    <\/div>\n<\/div>\n<!-- \/module text -->        <\/div>\n                        <\/div>\n        <\/div>\n                        <div  data-lazy=\"1\" class=\"module_row themify_builder_row tb_qbmp000 tf_w\">\n                        <div class=\"row_inner col_align_top tb_col_count_2 tf_box tf_rel\">\n                        <div  data-lazy=\"1\" class=\"module_column tb-column col4-2 tb_zi40211 first\">\n                    <!-- module contact -->\n<div  id=\"tb_kz3k001\" class=\"module module-contact tb_kz3k001 contact-style1 \" data-lazy=\"1\">\n    \n\t<form class=\"builder-contact\"\n\t\tid=\"tb_kz3k001-form\"\n\t\tmethod=\"post\"\n\t\tdata-post-id=\"2048\"\n\t\tdata-element-id=\"kz3k001\"\n\t\tdata-orig-id=\"1798\"\n\t>\n    <div class=\"contact-message\"><\/div>\n\t<div class=\"builder-contact-fields tf_rel\">\n\t\t    \t\t    <div class=\"builder-contact-field builder-contact-field-name builder-contact-text-field\">\n\t\t\t    <label class=\"control-label\" for=\"tb_kz3k001-contact-name\">\n\t\t\t\t\t\t\t\t\t\t<span class=\"tb-label-span\">Nome <\/span><span class=\"required\">*<\/span>\t\t\t\t<\/label>\n\t\t\t    <div class=\"control-input tf_rel\">\n\t\t\t\t    \t\t\t\t\t    <input type=\"text\" name=\"contact-name\" placeholder=\"\" id=\"tb_kz3k001-contact-name\" value=\"\" class=\"form-control\" required>\n\t\t\t\t    \t\t\t\t    \t\t\t    <\/div>\n\t\t<\/div>\n\t    \n\t\t    \t\t    \t\t    <div class=\"builder-contact-field builder-contact-field-extra builder-contact-select-field\">\n\t\t\t\t\n\t\t\t\t<label class=\"control-label\" for=\"field_extra_tb_kz3k001_0\">\n\t\t\t\t\t\n\t\t\t\t\tScegli una barca\t\t\t\t\t\t\t\t\t\t\t<input type=\"hidden\" name=\"field_extra_name_0\" value=\"Scegli una barca\">\n\t\t\t\t\t\t\t\t\t\t\t<span class=\"required\">*<\/span>\n\t\t\t\t\t\t\t\t\t<\/label>\n\t\t\t\t<div class=\"control-input tf_rel\">\n\t\t\t\t\t\t\t\t\t\t\t\t\t\t\t\t\t\t<select id=\"field_extra_tb_kz3k001_0\" name=\"field_extra_0\" class=\"form-control tf_scrollbar\" required>\n\t\t\t\t\t\t\t\t\t\t\t\t\t\t\t\t\t\t\t\t\t\t\t\t\t<option value=\"Any available\"> Any available <\/option>\n\t\t\t\t\t\t\t\t\t\t\t\t\t\t\t\t\t<option value=\"Ranieri 26s\"> Ranieri 26s <\/option>\n\t\t\t\t\t\t\t\t\t\t\t\t\t\t\t\t\t<option value=\"Quicksilver 555\"> Quicksilver 555 <\/option>\n\t\t\t\t\t\t\t\t\t\t\t\t\t\t\t\t\t<option value=\"Ranieri 18s\"> Ranieri 18s <\/option>\n\t\t\t\t\t\t\t\t\t\t\t\t\t\t\t\t\t<option value=\"Rancraft RM22\"> Rancraft RM22 <\/option>\n\t\t\t\t\t\t\t\t\t\t\t\t\t\t\t\t\t<option value=\"Merry Fisher 795\"> Merry Fisher 795 <\/option>\n\t\t\t\t\t\t\t\t\t\t\t\t\t\t\t\t\t<option value=\"Barbossa\"> Barbossa <\/option>\n\t\t\t\t\t\t\t\t\t\t\t\t\t\t\t\t\t<option value=\"Pardo 43\"> Pardo 43 <\/option>\n\t\t\t\t\t\t\t\t\t\t\t\t\t\t\t\t\t<option value=\"Mano Marine 23.10wa\"> Mano Marine 23.10wa <\/option>\n\t\t\t\t\t\t\t\t\t\t\t\t\t\t\t\t\t<option value=\"Beneteau Flyer 6.6\"> Beneteau Flyer 6.6 <\/option>\n\t\t\t\t\t\t\t\t\t\t\t\t\t\t\t\t\t<option value=\"Jaguar 6.0\"> Jaguar 6.0 <\/option>\n\t\t\t\t\t\t\t\t\t\t\t\t\t\t\t<\/select>\n\t\t\t\t\t\t\t\t\t\t\t\n\t\t\t\t\t\t\t\t\t<\/div>\n\t\t    <\/div>\n\t    \n\t\t    \t\t    <div class=\"builder-contact-field builder-contact-field-email builder-contact-text-field\">\n\t\t\t    <label class=\"control-label\" for=\"tb_kz3k001-contact-email\">\n\t\t\t\t\t\t\t\t\t\t<span class=\"tb-label-span\">E-mail <\/span><span class=\"required\">*<\/span>\t\t\t\t<\/label>\n\t\t\t    <div class=\"control-input tf_rel\">\n\t\t\t\t    \t\t\t\t\t    <input type=\"email\" name=\"contact-email\" placeholder=\"\" id=\"tb_kz3k001-contact-email\" value=\"\" class=\"form-control\" required>\n\t\t\t\t    \t\t\t\t    \t\t\t    <\/div>\n\t\t<\/div>\n\t    \n\t\t    \t\t    <div class=\"builder-contact-field builder-contact-field-subject builder-contact-text-field\">\n\t\t\t    <label class=\"control-label\" for=\"tb_kz3k001-contact-subject\">\n\t\t\t\t\t\t\t\t\t\t<span class=\"tb-label-span\">Oggetto <\/span><span class=\"required\">*<\/span>\t\t\t\t<\/label>\n\t\t\t    <div class=\"control-input tf_rel\">\n\t\t\t\t    \t\t\t\t\t    <input type=\"text\" name=\"contact-subject\" placeholder=\"\" id=\"tb_kz3k001-contact-subject\" value=\"\" class=\"form-control\" required>\n\t\t\t\t    \t\t\t\t    \t\t\t    <\/div>\n\t\t<\/div>\n\t    \n\t\t    \t\t    <div class=\"builder-contact-field builder-contact-field-message builder-contact-textarea-field\">\n\t\t\t    <label class=\"control-label\" for=\"tb_kz3k001-contact-message\">\n\t\t\t\t\t\t\t\t\t\t<span class=\"tb-label-span\">Messaggio <\/span>\t\t\t\t<\/label>\n\t\t\t    <div class=\"control-input tf_rel\">\n\t\t\t\t    \t\t\t\t\t    <textarea name=\"contact-message\" placeholder=\"\" id=\"tb_kz3k001-contact-message\" class=\"form-control\"><\/textarea>\n\t\t\t\t    \t\t\t\t    \t\t\t    <\/div>\n\t\t<\/div>\n\t    \n\t\t    \t\t\n\t\t\t\t\t<div class=\"builder-contact-field builder-contact-field-gdpr\">\n\t\t\t\t<div class=\"control-label\">\n\t\t\t\t\t<div class=\"control-input tf_rel\">\n\t\t\t\t\t\t<label class=\"field-gdpr\">\n\t\t\t\t\t\t\t<input type=\"checkbox\" name=\"gdpr\" value=\"1\" required>\n\t\t\t\t\t\t\t<span>Acconsento alla raccolta e conservazione dei dati inviati\n<\/span>\n\t\t\t\t\t\t\t<span class=\"required\">*<\/span>\n\t\t\t\t\t\t<\/label>\n\t\t\t\t\t<\/div>\n\t\t\t\t<\/div>\n\t\t\t<\/div>\n\t\t\n\t    \n\t    <div class=\"builder-contact-field builder-contact-field-send control-input tf_textl tf_clear tf_rel\">\n\t\t\t<button type=\"submit\" class=\"btn btn-primary\">\n\t\t\t\t<span class=\"tf_loader\"><\/span>\t\t\t\t<span class=\"tf_submit_icon\"><\/span> \n\t\t\t\tInvia\t\t\t<\/button>\n\t    <\/div>\n\t<\/div>\n    <\/form>\n    <\/div>\n<!-- \/module contact -->\n        <\/div>\n                    <div  data-lazy=\"1\" class=\"module_column tb-column col4-2 tb_i37q221 last\">\n                    <!-- module text -->\n<div  class=\"module module-text tb_0n3z211   \" data-lazy=\"1\">\n        <div  class=\"tb_text_wrap\">\n        <h4>Prenotazione &#8211; Noleggia una barca da Opatija o Rijeka<\/h4><div class=\"x-el c1-1 c1-2 c1-1i c1-1j c1-1k c1-1l c1-7m c1-8v c1-8w c1-8x c1-8y c1-8z c1-90 c1-91 c1-92 c1-93 c1-94 c1-95 c1-96 c1-97 c1-98 c1-99 c1-9a c1-9b c1-9c c1-9d c1-9e c1-9f c1-9g c1-9h c1-9i c1-9j c1-9k c1-9l c1-9m c1-b c1-9n c1-c c1-1o c1-d c1-e c1-f c1-g x-rt\" data-ux=\"ContentText\" data-aid=\"CONTACT_INTRO_DESC_REND\" data-typography=\"BodyAlpha\"><p><span class=\"x-el x-el-span c1-7a c1-7b c1-b c1-c c1-d c1-e c1-f c1-g\">Non esitare a contattarci per qualsiasi informazione o prenotazione. Parliamo inglese, italiano e tedesco.<br \/><\/span><\/p><p><span class=\"x-el x-el-span c1-7a c1-7b c1-b c1-c c1-d c1-e c1-f c1-g\"><strong class=\"x-el x-el-span c1-2a c1-2b c1-b c1-9o c1-2l c1-55 c1-9p\">GSM:<\/strong>: +385917527018<\/span><\/p><p><span class=\"x-el x-el-span c1-7a c1-7b c1-b c1-c c1-d c1-e c1-f c1-g\"><em class=\"x-el x-el-span c1-2a c1-2b c1-b c1-9o c1-2l c1-2i c1-9p c1-9q\">*\u00c8 necessaria una licenza per noleggiare una barca senza uno skipper.<\/em><\/span><\/p><\/div><p>\u00a0<\/p>    <\/div>\n<\/div>\n<!-- \/module text --><!-- module buttons -->\n<div  class=\"module module-buttons tb_tzbu002 buttons-horizontal solid  \" data-lazy=\"1\">\n        <div class=\"module-buttons-item tf_in_flx\">\n                        <a href=\"https:\/\/api.whatsapp.com\/send\/?phone=385917527018&#038;text&#038;type=phone_number&#038;app_absent=0\" class=\"ui builder_button tf_in_flx tb_default_color\" >\n                                    <em><svg  class=\"tf_fa tf-fab-square-whatsapp\" aria-hidden=\"true\"><use href=\"#tf-fab-square-whatsapp\"><\/use><\/svg><\/em>                                        Scrivici su Whatsapp                                        <\/a>\n                <\/div>\n            <\/div>\n<!-- \/module buttons -->\n<!-- module text -->\n<div  class=\"module module-text tb_91nq222   \" data-lazy=\"1\">\n        <div  class=\"tb_text_wrap\">\n        <h4 class=\"x-el x-el-h4 c1-1 c1-2 c1-1i c1-1j c1-7l c1-24 c1-23 c1-1l c1-7m c1-b c1-7n c1-69 c1-1o c1-6b c1-6d c1-6e c1-6f\" role=\"heading\" aria-level=\"4\" data-ux=\"ContentHeading\" data-aid=\"CONTACT_INFO_BIZ_NAME_REND\" data-typography=\"HeadingDelta\">Quarnero Tours<\/h4><p class=\"x-el x-el-p c1-1 c1-2 c1-1i c1-1j c1-1k c1-1l c1-7m c1-b c1-9n c1-c c1-1o c1-d c1-e c1-f c1-g\" data-ux=\"ContentText\" data-aid=\"CONTACT_INFO_ADDRESS_REND\" data-typography=\"BodyAlpha\">Zert, Opatija, Croatia<\/p><div class=\"flex-1 overflow-hidden\"><div class=\"react-scroll-to-bottom--css-darmj-79elbk h-full\"><div class=\"react-scroll-to-bottom--css-darmj-1n7m0yu\"><div><div class=\"flex flex-col text-sm pb-9\"><div class=\"w-full text-token-text-primary\" data-testid=\"conversation-turn-35\"><div class=\"px-4 py-2 justify-center text-base md:gap-6 m-auto\"><div class=\"flex flex-1 text-base mx-auto gap-3 md:px-5 lg:px-1 xl:px-5 md:max-w-3xl lg:max-w-[40rem] xl:max-w-[48rem] group final-completion\"><div class=\"relative flex w-full flex-col agent-turn\"><div class=\"flex-col gap-1 md:gap-3\"><div class=\"flex flex-grow flex-col max-w-full\"><div class=\"min-h-[20px] text-message flex flex-col items-start gap-3 whitespace-pre-wrap break-words [.text-message+&amp;]:mt-5 overflow-x-auto\" data-message-author-role=\"assistant\" data-message-id=\"f28f705a-cf5f-4590-ba11-6806f5eed42b\"><div class=\"markdown prose w-full break-words dark:prose-invert light\"><p>I punti di partenza sono disponibili in tutta la baia. Noleggia una barca da Rijeka, Hilton, Navis, Opatija, I\u010di\u0107i, Lovran, Mo\u0161\u0107eni\u010dka Draga.<\/p><\/div><\/div><\/div><\/div><\/div><\/div><\/div><\/div><\/div><\/div><\/div><\/div><\/div>    <\/div>\n<\/div>\n<!-- \/module text -->        <\/div>\n                        <\/div>\n        <\/div>\n                        <div  data-css_id=\"ur1d211\" data-lazy=\"1\" class=\"module_row themify_builder_row fullwidth tb_ur1d211 tf_w\">\n                        <div class=\"row_inner col_align_top tb_col_count_3 tf_box tf_rel\">\n                        <div  data-lazy=\"1\" class=\"module_column tb-column col3-1 tb_rs45510 first\">\n                            <\/div>\n                    <div  data-lazy=\"1\" class=\"module_column tb-column col3-1 tb_k99u260\">\n                    <!-- module maps pro -->\n<div  id=\"tb_3nvu170\" class=\"module module-maps-pro tb_3nvu170  tf_lazy\" data-zoom=\"8\" data-type=\"TERRAIN\" data-address=\"45.3125314,14.2716471\" data-scrollwheel=\"\" data-draggable=\"enable\" data-disable_map_ui=\"\" data-polyline=\"\" data-geodesic=\"\" data-polylineStroke=\"2\" data-polylineColor=\"\" data-trigger=\"1\" data-mapid=\"\" data-style_map=\"clean-cut\" data-legacymarkers=\"\" data-lazy=\"1\">\n\t\n\t\t\t<div class=\"maps-pro-canvas-container\">\n\t\t\t<div class=\"maps-pro-canvas\" style=\"width:100%;height:600px\"><\/div>\n\t\t<\/div>\n\t\t\t\t\t<template>\n\t\t\t\t\t\t\t\t\t<div data-address=\"45.3321443,14.3035016\" data-image=\"\">\n\t\t\t\t\t\tQuarnero Tours Opatija\t\t\t\t\t<\/div>\n\t\t\t\t\t\t\t<\/template>\n\t\t\t\t\n\t<\/div>\n<!-- \/module maps pro -->        <\/div>\n                    <div  data-lazy=\"1\" class=\"module_column tb-column col3-1 tb_0tvp021 last\">\n                            <\/div>\n                        <\/div>\n        <\/div>\n            <\/div>\n<!--\/themify_builder_content--><\/div>\n<\/div>\n<!-- \/module template_part -->        <\/div>\n                        <\/div>\n        <\/div>\n        <\/div>\n<!--\/themify_builder_content-->","protected":false},"excerpt":{"rendered":"<p>CONTATTACI<\/p>\n","protected":false},"author":1,"featured_media":0,"parent":0,"menu_order":0,"comment_status":"closed","ping_status":"closed","template":"","meta":{"_joinchat":[],"footnotes":""},"class_list":["post-1798","page","type-page","status-publish","hentry","has-post-title","has-post-date","has-post-category","has-post-tag","has-post-comment","has-post-author",""],"aioseo_notices":[],"builder_content":"<h1 style=\"text-align: center;\"><strong>CONTATTACI<\/strong><\/h1>","_links":{"self":[{"href":"https:\/\/quarnerotours.com\/it\/wp-json\/wp\/v2\/pages\/1798"}],"collection":[{"href":"https:\/\/quarnerotours.com\/it\/wp-json\/wp\/v2\/pages"}],"about":[{"href":"https:\/\/quarnerotours.com\/it\/wp-json\/wp\/v2\/types\/page"}],"author":[{"embeddable":true,"href":"https:\/\/quarnerotours.com\/it\/wp-json\/wp\/v2\/users\/1"}],"replies":[{"embeddable":true,"href":"https:\/\/quarnerotours.com\/it\/wp-json\/wp\/v2\/comments?post=1798"}],"version-history":[{"count":3,"href":"https:\/\/quarnerotours.com\/it\/wp-json\/wp\/v2\/pages\/1798\/revisions"}],"predecessor-version":[{"id":2106,"href":"https:\/\/quarnerotours.com\/it\/wp-json\/wp\/v2\/pages\/1798\/revisions\/2106"}],"wp:attachment":[{"href":"https:\/\/quarnerotours.com\/it\/wp-json\/wp\/v2\/media?parent=1798"}],"curies":[{"name":"wp","href":"https:\/\/api.w.org\/{rel}","templated":true}]}}